{"id":136,"date":"2015-12-05T20:44:46","date_gmt":"2015-12-05T19:44:46","guid":{"rendered":"http:\/\/www.zweiradschulze.com\/?page_id=136"},"modified":"2020-02-13T16:44:14","modified_gmt":"2020-02-13T15:44:14","slug":"impressum","status":"publish","type":"page","link":"https:\/\/www.zweiradschulze.com\/?page_id=136","title":{"rendered":"Impressum\/AGB"},"content":{"rendered":"<p>&nbsp;<\/p>\n<p><span style=\"color: #1c1c1c;\"><strong>Zweiradfachgesch\u00e4ft Schulze<\/strong><br \/>\nInh. Gerd Schulze<br \/>\nMarkt 33<br \/>\n04626 Schm\u00f6lln<br \/>\nTel. 03449182315\u00a0 \/\u00a0 <\/span><span style=\"color: #1c1c1c;\">Fax 03449123978<br \/>\nEinzelunternehmen , Handwerkskammer Gera<br \/>\nBetriebsnummer 2017160, Handwerkskarte 1557\/92<br \/>\nUmsatzsteuer-Identnummer gem\u00e4\u00df\u00a7 27 a Umsatzsteuergesetz: DE152886811<br \/>\nE-Mail: schulze_zweirad@t-online.de<br \/>\nInternet: www.zweiradschulze.com<\/span><\/p>\n<p>Internetredaktion &amp; Verantwortlich im Sinne des \u00a755 RStV: Gerd Schulze<\/p>\n<p>Diensteanbieter im Sinne des \u00a75 TMG: Zweiradfachgesch\u00e4ft Schulze, 04626 Schm\u00f6lln<\/p>\n<p>&nbsp;<\/p>\n<p>&nbsp;<\/p>\n<p align=\"LEFT\">Wir weisen darauf hin, dass wir uns gegen eine Teilnahme an Streitbeilegungsverfahren vor Verbraucherschlichtungsstellen entschieden haben.<\/p>\n<p>&nbsp;<\/p>\n<p><a href=\"http:\/\/www.zweiradschulze.com\/wp-content\/uploads\/2016\/01\/Allgemeine-Gesch\u00e4ftsbedingunge-Shop.pdf\" target=\"_blank\" rel=\"noopener noreferrer\">Allgemeine Gesch\u00e4ftsbedingungen\/Widerrufsbelehrung<\/a>, \u00a0<a href=\"http:\/\/www.zweiradschulze.com\/wp-content\/uploads\/2016\/01\/Widerrufsformular.pdf\" target=\"_blank\" rel=\"noopener noreferrer\">Widerrufsformular<\/a> f\u00fcr eBay Kleinanzeigen Shop (als PDF &#8211; \u00a0bitte anklicken)<\/p>\n<p><span style=\"color: #1c1c1c;\">Verantwortlich f\u00fcr den Inhalt nach <\/span>\u00a7 55 Abs. 2 RStV: Gerd Schulze<\/p>\n<p align=\"justify\"><span style=\"font-family: Times New Roman,serif;\"><span style=\"font-size: medium;\"><b><span style=\"color: #000000;\"><span style=\"font-family: Calibri,serif;\"><span style=\"font-size: small;\">Haftung f\u00fcr Inhalte<\/span><\/span><\/span><\/b><\/span><\/span><\/p>\n<p><strong>1. Haftungsbeschr\u00e4nkung<\/strong><br \/>\nDie Inhalte des Internetauftritts wurden mit gr\u00f6\u00dftm\u00f6glicher Sorgfalt und nach bestem Gewissen erstellt. Dennoch \u00fcbernimmt der Anbieter dieser Webseite keine Gew\u00e4hr f\u00fcr die Aktualit\u00e4t, Vollst\u00e4ndigkeit und Richtigkeit der bereitgestellten Seiten und Inhalte.<\/p>\n<p>Als Diensteanbieter ist der Anbieter dieser Webseite gem\u00e4\u00df \u00a7 7 Abs. 1 TMG f\u00fcr eigene Inhalte und bereitgestellte Informationen auf diesen Seiten nach den allgemeinen Gesetzen verantwortlich; nach den \u00a7\u00a7 8 bis 10 TMG jedoch nicht verpflichtet, die \u00fcbermittelten oder gespeicherten fremden Informationen zu \u00fcberwachen. Eine Entfernung oder Sperrung dieser Inhalte erfolgt umgehend ab dem Zeitpunkt der Kenntnis einer konkreten Rechtsverletzung. Eine Haftung ist erst ab dem Zeitpunkt der Kenntniserlangung m\u00f6glich.<\/p>\n<p><strong>2. Externe Links<\/strong><br \/>\nDie Webseite enth\u00e4lt sog. \u201eexterne Links\u201c (Verlinkungen) zu anderen Webseiten, auf deren Inhalt der Anbieter der Webseite keinen Einfluss hat. Aus diesem Grund kann der Anbieter f\u00fcr diese Inhalte auch keine Gew\u00e4hr \u00fcbernehmen.<br \/>\nF\u00fcr die Inhalte und Richtigkeit der bereitgestellten Informationen ist der jeweilige Anbieter der verlinkten Webseite verantwortlich. Zum Zeitpunkt der Verlinkung waren keine Rechtsverst\u00f6\u00dfe erkennbar. Bei Bekanntwerden einer solchen Rechtsverletzung wird der Link umgehend entfernen.<\/p>\n<p><strong>3. Urheberrecht\/Leistungsschutzrecht<\/strong><br \/>\nDie auf dieser Webseite ver\u00f6ffentlichten Inhalte, Werke und bereitgestellten Informationen unterliegen dem deutschen Urheberrecht und Leistungsschutzrecht. Jede Art der Vervielf\u00e4ltigung, Bearbeitung, Verbreitung, Einspeicherung und jede Art der Verwertung au\u00dferhalb der Grenzen des Urheberrechts bedarf der vorherigen schriftlichen Zustimmung des jeweiligen Rechteinhabers. Das unerlaubte Kopieren\/Speichern der bereitgestellten Informationen auf diesen Webseiten ist nicht gestattet und strafbar.<\/p>\n<p><strong>4. <\/strong><\/p>\n<p>&nbsp;<\/p>\n","protected":false},"excerpt":{"rendered":"<p>&nbsp; Zweiradfachgesch\u00e4ft Schulze Inh. Gerd Schulze Markt 33 04626 Schm\u00f6lln Tel. 03449182315\u00a0 \/\u00a0 Fax 03449123978 Einzelunternehmen , Handwerkskammer Gera Betriebsnummer 2017160, Handwerkskarte 1557\/92 Umsatzsteuer-Identnummer gem\u00e4\u00df\u00a7 27 a Umsatzsteuergesetz: DE152886811 E-Mail: schulze_zweirad@t-online.de Internet: www.zweiradschulze.com Internetredaktion &amp; Verantwortlich im Sinne des \u00a755 RStV: Gerd Schulze Diensteanbieter im Sinne des \u00a75 TMG: Zweiradfachgesch\u00e4ft Schulze, 04626 Schm\u00f6lln &nbsp; &nbsp; [&hellip;]<\/p>\n","protected":false},"author":1,"featured_media":0,"parent":0,"menu_order":6,"comment_status":"closed","ping_status":"closed","template":"","meta":[],"yoast_head":"<!-- This site is optimized with the Yoast SEO plugin v19.9 - https:\/\/yoast.com\/wordpress\/plugins\/seo\/ -->\n<title>Impressum\/AGB - Zweiradfachgesch\u00e4ft Schulze<\/title>\n<meta name=\"robots\" content=\"index, follow, max-snippet:-1, max-image-preview:large, max-video-preview:-1\" \/>\n<link rel=\"canonical\" href=\"https:\/\/www.zweiradschulze.com\/?page_id=136\" \/>\n<meta property=\"og:locale\" content=\"de_DE\" \/>\n<meta property=\"og:type\" content=\"article\" \/>\n<meta property=\"og:title\" content=\"Impressum\/AGB - Zweiradfachgesch\u00e4ft Schulze\" \/>\n<meta property=\"og:description\" content=\"&nbsp; Zweiradfachgesch\u00e4ft Schulze Inh. Gerd Schulze Markt 33 04626 Schm\u00f6lln Tel. 03449182315\u00a0 \/\u00a0 Fax 03449123978 Einzelunternehmen , Handwerkskammer Gera Betriebsnummer 2017160, Handwerkskarte 1557\/92 Umsatzsteuer-Identnummer gem\u00e4\u00df\u00a7 27 a Umsatzsteuergesetz: DE152886811 E-Mail: schulze_zweirad@t-online.de Internet: www.zweiradschulze.com Internetredaktion &amp; Verantwortlich im Sinne des \u00a755 RStV: Gerd Schulze Diensteanbieter im Sinne des \u00a75 TMG: Zweiradfachgesch\u00e4ft Schulze, 04626 Schm\u00f6lln &nbsp; &nbsp; [&hellip;]\" \/>\n<meta property=\"og:url\" content=\"https:\/\/www.zweiradschulze.com\/?page_id=136\" \/>\n<meta property=\"og:site_name\" content=\"Zweiradfachgesch\u00e4ft Schulze\" \/>\n<meta property=\"article:modified_time\" content=\"2020-02-13T15:44:14+00:00\" \/>\n<meta name=\"twitter:label1\" content=\"Gesch\u00e4tzte Lesezeit\" \/>\n\t<meta name=\"twitter:data1\" content=\"2\u00a0Minuten\" \/>\n<script type=\"application\/ld+json\" class=\"yoast-schema-graph\">{\"@context\":\"https:\/\/schema.org\",\"@graph\":[{\"@type\":\"WebPage\",\"@id\":\"https:\/\/www.zweiradschulze.com\/?page_id=136\",\"url\":\"https:\/\/www.zweiradschulze.com\/?page_id=136\",\"name\":\"Impressum\/AGB - Zweiradfachgesch\u00e4ft Schulze\",\"isPartOf\":{\"@id\":\"https:\/\/www.zweiradschulze.com\/#website\"},\"datePublished\":\"2015-12-05T19:44:46+00:00\",\"dateModified\":\"2020-02-13T15:44:14+00:00\",\"breadcrumb\":{\"@id\":\"https:\/\/www.zweiradschulze.com\/?page_id=136#breadcrumb\"},\"inLanguage\":\"de\",\"potentialAction\":[{\"@type\":\"ReadAction\",\"target\":[\"https:\/\/www.zweiradschulze.com\/?page_id=136\"]}]},{\"@type\":\"BreadcrumbList\",\"@id\":\"https:\/\/www.zweiradschulze.com\/?page_id=136#breadcrumb\",\"itemListElement\":[{\"@type\":\"ListItem\",\"position\":1,\"name\":\"Home\",\"item\":\"https:\/\/www.zweiradschulze.com\/\"},{\"@type\":\"ListItem\",\"position\":2,\"name\":\"Impressum\/AGB\"}]},{\"@type\":\"WebSite\",\"@id\":\"https:\/\/www.zweiradschulze.com\/#website\",\"url\":\"https:\/\/www.zweiradschulze.com\/\",\"name\":\"Zweiradfachgesch\u00e4ft Schulze\",\"description\":\"Ihr Fachgesch\u00e4ft f\u00fcr Zweir\u00e4der und Gartentechnik in Schm\u00f6lln und Umgebung\",\"potentialAction\":[{\"@type\":\"SearchAction\",\"target\":{\"@type\":\"EntryPoint\",\"urlTemplate\":\"https:\/\/www.zweiradschulze.com\/?s={search_term_string}\"},\"query-input\":\"required name=search_term_string\"}],\"inLanguage\":\"de\"}]}<\/script>\n<!-- \/ Yoast SEO plugin. -->","yoast_head_json":{"title":"Impressum\/AGB - Zweiradfachgesch\u00e4ft Schulze","robots":{"index":"index","follow":"follow","max-snippet":"max-snippet:-1","max-image-preview":"max-image-preview:large","max-video-preview":"max-video-preview:-1"},"canonical":"https:\/\/www.zweiradschulze.com\/?page_id=136","og_locale":"de_DE","og_type":"article","og_title":"Impressum\/AGB - Zweiradfachgesch\u00e4ft Schulze","og_description":"&nbsp; Zweiradfachgesch\u00e4ft Schulze Inh. Gerd Schulze Markt 33 04626 Schm\u00f6lln Tel. 03449182315\u00a0 \/\u00a0 Fax 03449123978 Einzelunternehmen , Handwerkskammer Gera Betriebsnummer 2017160, Handwerkskarte 1557\/92 Umsatzsteuer-Identnummer gem\u00e4\u00df\u00a7 27 a Umsatzsteuergesetz: DE152886811 E-Mail: schulze_zweirad@t-online.de Internet: www.zweiradschulze.com Internetredaktion &amp; Verantwortlich im Sinne des \u00a755 RStV: Gerd Schulze Diensteanbieter im Sinne des \u00a75 TMG: Zweiradfachgesch\u00e4ft Schulze, 04626 Schm\u00f6lln &nbsp; &nbsp; [&hellip;]","og_url":"https:\/\/www.zweiradschulze.com\/?page_id=136","og_site_name":"Zweiradfachgesch\u00e4ft Schulze","article_modified_time":"2020-02-13T15:44:14+00:00","twitter_misc":{"Gesch\u00e4tzte Lesezeit":"2\u00a0Minuten"},"schema":{"@context":"https:\/\/schema.org","@graph":[{"@type":"WebPage","@id":"https:\/\/www.zweiradschulze.com\/?page_id=136","url":"https:\/\/www.zweiradschulze.com\/?page_id=136","name":"Impressum\/AGB - Zweiradfachgesch\u00e4ft Schulze","isPartOf":{"@id":"https:\/\/www.zweiradschulze.com\/#website"},"datePublished":"2015-12-05T19:44:46+00:00","dateModified":"2020-02-13T15:44:14+00:00","breadcrumb":{"@id":"https:\/\/www.zweiradschulze.com\/?page_id=136#breadcrumb"},"inLanguage":"de","potentialAction":[{"@type":"ReadAction","target":["https:\/\/www.zweiradschulze.com\/?page_id=136"]}]},{"@type":"BreadcrumbList","@id":"https:\/\/www.zweiradschulze.com\/?page_id=136#breadcrumb","itemListElement":[{"@type":"ListItem","position":1,"name":"Home","item":"https:\/\/www.zweiradschulze.com\/"},{"@type":"ListItem","position":2,"name":"Impressum\/AGB"}]},{"@type":"WebSite","@id":"https:\/\/www.zweiradschulze.com\/#website","url":"https:\/\/www.zweiradschulze.com\/","name":"Zweiradfachgesch\u00e4ft Schulze","description":"Ihr Fachgesch\u00e4ft f\u00fcr Zweir\u00e4der und Gartentechnik in Schm\u00f6lln und Umgebung","potentialAction":[{"@type":"SearchAction","target":{"@type":"EntryPoint","urlTemplate":"https:\/\/www.zweiradschulze.com\/?s={search_term_string}"},"query-input":"required name=search_term_string"}],"inLanguage":"de"}]}},"_links":{"self":[{"href":"https:\/\/www.zweiradschulze.com\/index.php?rest_route=\/wp\/v2\/pages\/136"}],"collection":[{"href":"https:\/\/www.zweiradschulze.com\/index.php?rest_route=\/wp\/v2\/pages"}],"about":[{"href":"https:\/\/www.zweiradschulze.com\/index.php?rest_route=\/wp\/v2\/types\/page"}],"author":[{"embeddable":true,"href":"https:\/\/www.zweiradschulze.com\/index.php?rest_route=\/wp\/v2\/users\/1"}],"replies":[{"embeddable":true,"href":"https:\/\/www.zweiradschulze.com\/index.php?rest_route=%2Fwp%2Fv2%2Fcomments&post=136"}],"version-history":[{"count":20,"href":"https:\/\/www.zweiradschulze.com\/index.php?rest_route=\/wp\/v2\/pages\/136\/revisions"}],"predecessor-version":[{"id":1439,"href":"https:\/\/www.zweiradschulze.com\/index.php?rest_route=\/wp\/v2\/pages\/136\/revisions\/1439"}],"wp:attachment":[{"href":"https:\/\/www.zweiradschulze.com\/index.php?rest_route=%2Fwp%2Fv2%2Fmedia&parent=136"}],"curies":[{"name":"wp","href":"https:\/\/api.w.org\/{rel}","templated":true}]}}