{"id":138,"date":"2015-12-05T20:51:10","date_gmt":"2015-12-05T19:51:10","guid":{"rendered":"http:\/\/www.zweiradschulze.com\/?page_id=138"},"modified":"2026-01-13T08:38:26","modified_gmt":"2026-01-13T07:38:26","slug":"startseite","status":"publish","type":"page","link":"https:\/\/www.zweiradschulze.com\/","title":{"rendered":"Startseite"},"content":{"rendered":"<h5 style=\"text-align: left;\">Willkommen auf unserer Homepage, die <span style=\"text-decoration: underline;\">nicht<\/span> \u00a0nach dem sonst \u00fcblichen Motto &#8222;mehr Schein als Sein&#8230;&#8220; gestaltet wird,<\/h5>\n<h5 style=\"text-align: left;\">sondern \u00fcber unser Sortiment, unsere Leistungen,\u00a0interessante Angebote und Aktionen informieren soll.<\/h5>\n<h5 style=\"text-align: left;\">Wir freuen uns \u00fcber Ihren Besuch in unserem Gesch\u00e4ft in Schm\u00f6lln, direkt auf dem Markt (Parkpl\u00e4tze vorhanden).<\/h5>\n<h5 style=\"text-align: left;\">So finden Sie uns: \u00a0<a href=\"https:\/\/www.google.com\/maps\/place\/Zweirad+Schulze\/@50.895414,12.3359479,14z\/data=!4m5!3m4!1s0x0:0x8a4cab51e630c28!8m2!3d50.8953732!4d12.3527289?hl=de-DE\" target=\"_blank\" rel=\"noopener noreferrer\">Google Maps<\/a><span style=\"color: #ff0000;\">\u00a0<\/span><\/h5>\n<h5 style=\"text-align: left;\"><strong><span style=\"color: #0000ff;\"><u>Unsere aktuellen \u00d6ffnungszeiten:<\/u><\/span><\/strong><\/h5>\n<h4><strong><span style=\"color: #0000ff;\">&#8211; Montag geschlossen &#8211; Servicetag!<\/span><\/strong><\/h4>\n<h4><strong><span style=\"color: #0000ff;\">&#8211; Dienstag \u2013 Freitag 9.00-13.00 und 14.00-18.00 Uhr<\/span><\/strong><\/h4>\n<h4><strong><span style=\"color: #0000ff;\">&#8211; Samstag 9.00-12.00 Uhr<\/span><\/strong><\/h4>\n<h1><strong><span style=\"color: #ff0000;\">Neu bei uns!!!<\/span><\/strong><\/h1>\n<h1>Maximale Power, minimale Wartung &#8230;<\/h1>\n<ul class=\"product-highlights list-checkmark\">\n<li class=\"mb-8 last:mb-0\">Revolution\u00e4re Pinion Motor-Getriebe-Einheit mit 9 oder 12-Gang-Schaltung<\/li>\n<li class=\"mb-8 last:mb-0\">Integrierte Schaltautomatik f\u00fcr eine je nach Fahrsituation optimale Gangauswahl<\/li>\n<li class=\"mb-8 last:mb-0\">Vuca EVO AM Modelle mit innovativer 4-Link-Swingarm-Hinterbaufederung f\u00fcr bestm\u00f6gliche Traktion im Gel\u00e4nde und optimierten Fahrkomfort<\/li>\n<li><a href=\"https:\/\/www.zweiradschulze.com\/wp-content\/uploads\/2025\/10\/ZEG_524909300745.png\"><img loading=\"lazy\" class=\"alignnone size-medium wp-image-1960\" src=\"https:\/\/www.zweiradschulze.com\/wp-content\/uploads\/2025\/10\/ZEG_524909300745-300x200.png\" alt=\"\" width=\"300\" height=\"200\" srcset=\"https:\/\/www.zweiradschulze.com\/wp-content\/uploads\/2025\/10\/ZEG_524909300745-300x200.png 300w, https:\/\/www.zweiradschulze.com\/wp-content\/uploads\/2025\/10\/ZEG_524909300745-1024x683.png 1024w, https:\/\/www.zweiradschulze.com\/wp-content\/uploads\/2025\/10\/ZEG_524909300745-768x512.png 768w, https:\/\/www.zweiradschulze.com\/wp-content\/uploads\/2025\/10\/ZEG_524909300745-870x580.png 870w, https:\/\/www.zweiradschulze.com\/wp-content\/uploads\/2025\/10\/ZEG_524909300745-135x90.png 135w, https:\/\/www.zweiradschulze.com\/wp-content\/uploads\/2025\/10\/ZEG_524909300745-203x135.png 203w, https:\/\/www.zweiradschulze.com\/wp-content\/uploads\/2025\/10\/ZEG_524909300745-288x192.png 288w, https:\/\/www.zweiradschulze.com\/wp-content\/uploads\/2025\/10\/ZEG_524909300745-405x270.png 405w, https:\/\/www.zweiradschulze.com\/wp-content\/uploads\/2025\/10\/ZEG_524909300745-540x360.png 540w, https:\/\/www.zweiradschulze.com\/wp-content\/uploads\/2025\/10\/ZEG_524909300745.png 1050w\" sizes=\"(max-width: 300px) 100vw, 300px\" \/><\/a><\/li>\n<li><a href=\"https:\/\/www.zweiradschulze.com\/wp-content\/uploads\/2025\/03\/524909770741.png\"><img loading=\"lazy\" class=\"alignnone size-medium wp-image-1947\" src=\"https:\/\/www.zweiradschulze.com\/wp-content\/uploads\/2025\/03\/524909770741-300x200.png\" alt=\"\" width=\"300\" height=\"200\" srcset=\"https:\/\/www.zweiradschulze.com\/wp-content\/uploads\/2025\/03\/524909770741-300x200.png 300w, https:\/\/www.zweiradschulze.com\/wp-content\/uploads\/2025\/03\/524909770741-1024x683.png 1024w, https:\/\/www.zweiradschulze.com\/wp-content\/uploads\/2025\/03\/524909770741-768x512.png 768w, https:\/\/www.zweiradschulze.com\/wp-content\/uploads\/2025\/03\/524909770741-1536x1024.png 1536w, https:\/\/www.zweiradschulze.com\/wp-content\/uploads\/2025\/03\/524909770741-2048x1365.png 2048w, https:\/\/www.zweiradschulze.com\/wp-content\/uploads\/2025\/03\/524909770741-870x580.png 870w, https:\/\/www.zweiradschulze.com\/wp-content\/uploads\/2025\/03\/524909770741-135x90.png 135w, https:\/\/www.zweiradschulze.com\/wp-content\/uploads\/2025\/03\/524909770741-203x135.png 203w, https:\/\/www.zweiradschulze.com\/wp-content\/uploads\/2025\/03\/524909770741-288x192.png 288w, https:\/\/www.zweiradschulze.com\/wp-content\/uploads\/2025\/03\/524909770741-405x270.png 405w, https:\/\/www.zweiradschulze.com\/wp-content\/uploads\/2025\/03\/524909770741-540x360.png 540w\" sizes=\"(max-width: 300px) 100vw, 300px\" \/><\/a><\/li>\n<\/ul>\n<p>&nbsp;<\/p>\n<p><a href=\"https:\/\/www.zweiradschulze.com\/wp-content\/uploads\/2023\/10\/RZ_WG_FH_instagram_1080x1080px_2Rad.jpg\"><img loading=\"lazy\" class=\"alignnone size-medium wp-image-1880\" src=\"https:\/\/www.zweiradschulze.com\/wp-content\/uploads\/2023\/10\/RZ_WG_FH_instagram_1080x1080px_2Rad-300x300.jpg\" alt=\"\" width=\"300\" height=\"300\" srcset=\"https:\/\/www.zweiradschulze.com\/wp-content\/uploads\/2023\/10\/RZ_WG_FH_instagram_1080x1080px_2Rad-300x300.jpg 300w, https:\/\/www.zweiradschulze.com\/wp-content\/uploads\/2023\/10\/RZ_WG_FH_instagram_1080x1080px_2Rad-1024x1024.jpg 1024w, https:\/\/www.zweiradschulze.com\/wp-content\/uploads\/2023\/10\/RZ_WG_FH_instagram_1080x1080px_2Rad-150x150.jpg 150w, https:\/\/www.zweiradschulze.com\/wp-content\/uploads\/2023\/10\/RZ_WG_FH_instagram_1080x1080px_2Rad-768x768.jpg 768w, https:\/\/www.zweiradschulze.com\/wp-content\/uploads\/2023\/10\/RZ_WG_FH_instagram_1080x1080px_2Rad-870x870.jpg 870w, https:\/\/www.zweiradschulze.com\/wp-content\/uploads\/2023\/10\/RZ_WG_FH_instagram_1080x1080px_2Rad-270x270.jpg 270w, https:\/\/www.zweiradschulze.com\/wp-content\/uploads\/2023\/10\/RZ_WG_FH_instagram_1080x1080px_2Rad-90x90.jpg 90w, https:\/\/www.zweiradschulze.com\/wp-content\/uploads\/2023\/10\/RZ_WG_FH_instagram_1080x1080px_2Rad-135x135.jpg 135w, https:\/\/www.zweiradschulze.com\/wp-content\/uploads\/2023\/10\/RZ_WG_FH_instagram_1080x1080px_2Rad-192x192.jpg 192w, https:\/\/www.zweiradschulze.com\/wp-content\/uploads\/2023\/10\/RZ_WG_FH_instagram_1080x1080px_2Rad-360x360.jpg 360w, https:\/\/www.zweiradschulze.com\/wp-content\/uploads\/2023\/10\/RZ_WG_FH_instagram_1080x1080px_2Rad.jpg 1080w\" sizes=\"(max-width: 300px) 100vw, 300px\" \/>\u00a0<\/a><\/p>\n<h3><span style=\"color: #3366ff;\"><strong>Wir reparieren R\u00e4der von Wertgarantiekunden schnell und unkompliziert &#8211; keine zus\u00e4tzlichen Kosten!<\/strong><\/span><\/h3>\n<h1><strong>Als FIT-E-Bike-Servicepartner bieten wir f\u00fcr Ihr Bosch-, BROSE-, Shimano- oder <\/strong><strong>Panasonic-E-Bike <\/strong><strong>(egal wo gekauft, Sie sind herzlich willkommen!) in unserer Meisterwerkstatt:<\/strong><\/h1>\n<ul>\n<li>professionelle Wartung und Reparatur<\/li>\n<li>Diagnose des elektrischen Antriebes zur Softwareaktualisierung und Behebung von Problemen<\/li>\n<li>Kapazit\u00e4tstest Ihres Akkus\u00a0mit Bosch Capacity Tester<\/li>\n<li>Vorbereitung Ihres Akkus zur Winterlagerung ( WICHTIG F\u00dcR EINE LANGE LEBENSDAUER!)<\/li>\n<\/ul>\n<h1><strong>Wir \u00fcbernehmen Wartung und Reparatur von Dienstr\u00e4dern aller Leasinganbieter! (<span style=\"color: #ff0000;\">Inspektionen ohne Aufpreis!<\/span>)<\/strong><\/h1>\n<p><a href=\"http:\/\/www.zweiradschulze.com\/wp-content\/uploads\/2018\/12\/CapacityTester-1.tif\"><img loading=\"lazy\" class=\"alignnone size-medium wp-image-1230\" src=\"http:\/\/www.zweiradschulze.com\/wp-content\/uploads\/2018\/12\/CapacityTester-1.tif\" alt=\"\" width=\"1\" height=\"1\" \/><\/a><a href=\"https:\/\/www.zweiradschulze.com\/wp-content\/uploads\/2022\/01\/20220106_151058-2.jpg\"><img loading=\"lazy\" class=\"alignnone size-medium wp-image-1788\" src=\"https:\/\/www.zweiradschulze.com\/wp-content\/uploads\/2022\/01\/20220106_151058-2-213x300.jpg\" alt=\"\" width=\"213\" height=\"300\" srcset=\"https:\/\/www.zweiradschulze.com\/wp-content\/uploads\/2022\/01\/20220106_151058-2-213x300.jpg 213w, https:\/\/www.zweiradschulze.com\/wp-content\/uploads\/2022\/01\/20220106_151058-2-728x1024.jpg 728w, https:\/\/www.zweiradschulze.com\/wp-content\/uploads\/2022\/01\/20220106_151058-2-768x1080.jpg 768w, https:\/\/www.zweiradschulze.com\/wp-content\/uploads\/2022\/01\/20220106_151058-2-1092x1536.jpg 1092w, https:\/\/www.zweiradschulze.com\/wp-content\/uploads\/2022\/01\/20220106_151058-2-1456x2048.jpg 1456w, https:\/\/www.zweiradschulze.com\/wp-content\/uploads\/2022\/01\/20220106_151058-2-870x1223.jpg 870w, https:\/\/www.zweiradschulze.com\/wp-content\/uploads\/2022\/01\/20220106_151058-2-64x90.jpg 64w, https:\/\/www.zweiradschulze.com\/wp-content\/uploads\/2022\/01\/20220106_151058-2-96x135.jpg 96w, https:\/\/www.zweiradschulze.com\/wp-content\/uploads\/2022\/01\/20220106_151058-2-137x192.jpg 137w, https:\/\/www.zweiradschulze.com\/wp-content\/uploads\/2022\/01\/20220106_151058-2-192x270.jpg 192w, https:\/\/www.zweiradschulze.com\/wp-content\/uploads\/2022\/01\/20220106_151058-2-256x360.jpg 256w, https:\/\/www.zweiradschulze.com\/wp-content\/uploads\/2022\/01\/20220106_151058-2.jpg 1800w\" sizes=\"(max-width: 213px) 100vw, 213px\" \/><\/a><a href=\"http:\/\/www.zweiradschulze.com\/wp-content\/uploads\/2018\/12\/CapacityTester-1.tif\"><img loading=\"lazy\" class=\"alignnone size-medium wp-image-1230\" src=\"http:\/\/www.zweiradschulze.com\/wp-content\/uploads\/2018\/12\/CapacityTester-1.tif\" alt=\"\" width=\"1\" height=\"1\" \/><\/a><a href=\"https:\/\/www.zweiradschulze.com\/wp-content\/uploads\/2022\/01\/20211210_174025-scaled.jpg\"><img loading=\"lazy\" class=\"alignnone wp-image-1789 size-medium\" src=\"https:\/\/www.zweiradschulze.com\/wp-content\/uploads\/2022\/01\/20211210_174025-195x300.jpg\" alt=\"\" width=\"195\" height=\"300\" srcset=\"https:\/\/www.zweiradschulze.com\/wp-content\/uploads\/2022\/01\/20211210_174025-195x300.jpg 195w, https:\/\/www.zweiradschulze.com\/wp-content\/uploads\/2022\/01\/20211210_174025-664x1024.jpg 664w, https:\/\/www.zweiradschulze.com\/wp-content\/uploads\/2022\/01\/20211210_174025-768x1184.jpg 768w, https:\/\/www.zweiradschulze.com\/wp-content\/uploads\/2022\/01\/20211210_174025-997x1536.jpg 997w, https:\/\/www.zweiradschulze.com\/wp-content\/uploads\/2022\/01\/20211210_174025-1329x2048.jpg 1329w, https:\/\/www.zweiradschulze.com\/wp-content\/uploads\/2022\/01\/20211210_174025-870x1341.jpg 870w, https:\/\/www.zweiradschulze.com\/wp-content\/uploads\/2022\/01\/20211210_174025-58x90.jpg 58w, https:\/\/www.zweiradschulze.com\/wp-content\/uploads\/2022\/01\/20211210_174025-88x135.jpg 88w, https:\/\/www.zweiradschulze.com\/wp-content\/uploads\/2022\/01\/20211210_174025-125x192.jpg 125w, https:\/\/www.zweiradschulze.com\/wp-content\/uploads\/2022\/01\/20211210_174025-175x270.jpg 175w, https:\/\/www.zweiradschulze.com\/wp-content\/uploads\/2022\/01\/20211210_174025-234x360.jpg 234w, https:\/\/www.zweiradschulze.com\/wp-content\/uploads\/2022\/01\/20211210_174025-scaled.jpg 1661w\" sizes=\"(max-width: 195px) 100vw, 195px\" \/><\/a><\/p>\n<h1><span style=\"color: #0000ff;\"><strong>Bike-Leasing mit allen bekannten Leasinggesellschaften Deutschlands kein Problem!\u00a0<\/strong><\/span><\/h1>\n<h3><span style=\"color: #000000;\">z.Bsp.: Jobrad, bikeleasing, Eurorad, lease a bike, Businessbike, mein Dienstrad, Deutsche Dienstrad usw.\u00a0 ( Gern beraten wir Sie zu diesem Thema ausf\u00fchrlich!)<\/span><\/h3>\n<p>&nbsp;<\/p>\n<h1><span style=\"color: #0000ff;\"><strong>Finanzierung bei uns super g\u00fcnstig!<\/strong><\/span><\/h1>\n<p>&nbsp;<\/p>\n<h3><span style=\"color: #0000ff;\"><strong><a href=\"http:\/\/www.zweiradschulze.com\/wp-content\/uploads\/2017\/03\/fahrrad-ZEG-Zweirad-Einkaufs-Genossenschaft-eG-NullProzent-2017-web.jpg\" rel=\"attachment wp-att-917\"><img loading=\"lazy\" class=\"alignnone size-medium wp-image-917\" src=\"http:\/\/www.zweiradschulze.com\/wp-content\/uploads\/2017\/03\/fahrrad-ZEG-Zweirad-Einkaufs-Genossenschaft-eG-NullProzent-2017-web-300x169.jpg\" alt=\"fahrrad-ZEG-Zweirad-Einkaufs-Genossenschaft-eG-NullProzent-2017-web\" width=\"300\" height=\"169\" srcset=\"https:\/\/www.zweiradschulze.com\/wp-content\/uploads\/2017\/03\/fahrrad-ZEG-Zweirad-Einkaufs-Genossenschaft-eG-NullProzent-2017-web-300x169.jpg 300w, https:\/\/www.zweiradschulze.com\/wp-content\/uploads\/2017\/03\/fahrrad-ZEG-Zweirad-Einkaufs-Genossenschaft-eG-NullProzent-2017-web-160x90.jpg 160w, https:\/\/www.zweiradschulze.com\/wp-content\/uploads\/2017\/03\/fahrrad-ZEG-Zweirad-Einkaufs-Genossenschaft-eG-NullProzent-2017-web-240x135.jpg 240w, https:\/\/www.zweiradschulze.com\/wp-content\/uploads\/2017\/03\/fahrrad-ZEG-Zweirad-Einkaufs-Genossenschaft-eG-NullProzent-2017-web-341x192.jpg 341w, https:\/\/www.zweiradschulze.com\/wp-content\/uploads\/2017\/03\/fahrrad-ZEG-Zweirad-Einkaufs-Genossenschaft-eG-NullProzent-2017-web.jpg 346w\" sizes=\"(max-width: 300px) 100vw, 300px\" \/><\/a>Wir schenken Ihnen die Zinsen!<\/strong><\/span><\/h3>\n<h3><span style=\"color: #0000ff;\"><strong>Nutzen Sie die g\u00fcnstige Finanzierung\u00a0mit\u00a0 <\/strong><strong>0% Zinsen und null Anzahlung!<\/strong><\/span><\/h3>\n<h2><\/h2>\n<p>&nbsp;<\/p>\n<h1><span style=\"color: #000000;\"><strong>\u00a0<\/strong><\/span><\/h1>\n<p>&nbsp;<\/p>\n<h2><\/h2>\n<div class=\"mps_content_technical_data\">\n<div>\n<table>\n<tbody>\n<tr>\n<td><\/td>\n<td><\/td>\n<\/tr>\n<tr>\n<td><\/td>\n<td><\/td>\n<\/tr>\n<tr>\n<td><\/td>\n<td><\/td>\n<\/tr>\n<tr>\n<td><\/td>\n<td><\/td>\n<\/tr>\n<tr>\n<td><\/td>\n<td><\/td>\n<\/tr>\n<tr>\n<td><\/td>\n<td><\/td>\n<\/tr>\n<tr>\n<td><\/td>\n<td><\/td>\n<\/tr>\n<tr>\n<td><\/td>\n<td><\/td>\n<\/tr>\n<tr>\n<td><\/td>\n<td><\/td>\n<\/tr>\n<tr>\n<td><\/td>\n<td><\/td>\n<\/tr>\n<tr>\n<td><\/td>\n<td><\/td>\n<\/tr>\n<tr>\n<td><\/td>\n<td><\/td>\n<\/tr>\n<tr>\n<td><\/td>\n<td><\/td>\n<\/tr>\n<tr>\n<td><\/td>\n<td><\/td>\n<\/tr>\n<tr>\n<td><\/td>\n<td><\/td>\n<\/tr>\n<tr>\n<td><\/td>\n<td><\/td>\n<\/tr>\n<tr>\n<td><\/td>\n<td><\/td>\n<\/tr>\n<tr>\n<td><\/td>\n<td><\/td>\n<\/tr>\n<tr>\n<td><\/td>\n<td><\/td>\n<\/tr>\n<tr>\n<td><\/td>\n<td><\/td>\n<\/tr>\n<tr>\n<td><\/td>\n<td><\/td>\n<\/tr>\n<tr>\n<td><\/td>\n<td><\/td>\n<\/tr>\n<tr>\n<td><\/td>\n<td><\/td>\n<\/tr>\n<tr>\n<td><\/td>\n<td><\/td>\n<\/tr>\n<\/tbody>\n<\/table>\n<\/div>\n<\/div>\n<p><span style=\"color: #000000;\"><strong>\u00a0<\/strong><\/span><\/p>\n<h3><\/h3>\n<p>&nbsp;<\/p>\n<p><strong>\u00a0<\/strong><\/p>\n<p><strong>\u00a0<\/strong><\/p>\n","protected":false},"excerpt":{"rendered":"<p>Willkommen auf unserer Homepage, die nicht \u00a0nach dem sonst \u00fcblichen Motto &#8222;mehr Schein als Sein&#8230;&#8220; gestaltet wird, sondern \u00fcber unser Sortiment, unsere Leistungen,\u00a0interessante Angebote und Aktionen informieren soll. Wir freuen uns \u00fcber Ihren Besuch in unserem Gesch\u00e4ft in Schm\u00f6lln, direkt auf dem Markt (Parkpl\u00e4tze vorhanden). So finden Sie uns: \u00a0Google Maps\u00a0 Unsere aktuellen \u00d6ffnungszeiten: &#8211; [&hellip;]<\/p>\n","protected":false},"author":1,"featured_media":0,"parent":0,"menu_order":0,"comment_status":"closed","ping_status":"closed","template":"","meta":[],"yoast_head":"<!-- This site is optimized with the Yoast SEO plugin v19.9 - https:\/\/yoast.com\/wordpress\/plugins\/seo\/ -->\n<title>Startseite - Zweiradfachgesch\u00e4ft Schulze<\/title>\n<meta name=\"robots\" content=\"index, follow, max-snippet:-1, max-image-preview:large, max-video-preview:-1\" \/>\n<link rel=\"canonical\" href=\"https:\/\/www.zweiradschulze.com\/\" \/>\n<meta property=\"og:locale\" content=\"de_DE\" \/>\n<meta property=\"og:type\" content=\"article\" \/>\n<meta property=\"og:title\" content=\"Startseite - Zweiradfachgesch\u00e4ft Schulze\" \/>\n<meta property=\"og:description\" content=\"Willkommen auf unserer Homepage, die nicht \u00a0nach dem sonst \u00fcblichen Motto &#8222;mehr Schein als Sein&#8230;&#8220; gestaltet wird, sondern \u00fcber unser Sortiment, unsere Leistungen,\u00a0interessante Angebote und Aktionen informieren soll. Wir freuen uns \u00fcber Ihren Besuch in unserem Gesch\u00e4ft in Schm\u00f6lln, direkt auf dem Markt (Parkpl\u00e4tze vorhanden). So finden Sie uns: \u00a0Google Maps\u00a0 Unsere aktuellen \u00d6ffnungszeiten: &#8211; [&hellip;]\" \/>\n<meta property=\"og:url\" content=\"https:\/\/www.zweiradschulze.com\/\" \/>\n<meta property=\"og:site_name\" content=\"Zweiradfachgesch\u00e4ft Schulze\" \/>\n<meta property=\"article:modified_time\" content=\"2026-01-13T07:38:26+00:00\" \/>\n<meta property=\"og:image\" content=\"https:\/\/www.zweiradschulze.com\/wp-content\/uploads\/2025\/10\/ZEG_524909300745-300x200.png\" \/>\n<meta name=\"twitter:label1\" content=\"Gesch\u00e4tzte Lesezeit\" \/>\n\t<meta name=\"twitter:data1\" content=\"3\u00a0Minuten\" \/>\n<script type=\"application\/ld+json\" class=\"yoast-schema-graph\">{\"@context\":\"https:\/\/schema.org\",\"@graph\":[{\"@type\":\"WebPage\",\"@id\":\"https:\/\/www.zweiradschulze.com\/\",\"url\":\"https:\/\/www.zweiradschulze.com\/\",\"name\":\"Startseite - Zweiradfachgesch\u00e4ft Schulze\",\"isPartOf\":{\"@id\":\"https:\/\/www.zweiradschulze.com\/#website\"},\"datePublished\":\"2015-12-05T19:51:10+00:00\",\"dateModified\":\"2026-01-13T07:38:26+00:00\",\"breadcrumb\":{\"@id\":\"https:\/\/www.zweiradschulze.com\/#breadcrumb\"},\"inLanguage\":\"de\",\"potentialAction\":[{\"@type\":\"ReadAction\",\"target\":[\"https:\/\/www.zweiradschulze.com\/\"]}]},{\"@type\":\"BreadcrumbList\",\"@id\":\"https:\/\/www.zweiradschulze.com\/#breadcrumb\",\"itemListElement\":[{\"@type\":\"ListItem\",\"position\":1,\"name\":\"Home\",\"item\":\"https:\/\/www.zweiradschulze.com\/\"},{\"@type\":\"ListItem\",\"position\":2,\"name\":\"Startseite\"}]},{\"@type\":\"WebSite\",\"@id\":\"https:\/\/www.zweiradschulze.com\/#website\",\"url\":\"https:\/\/www.zweiradschulze.com\/\",\"name\":\"Zweiradfachgesch\u00e4ft Schulze\",\"description\":\"Ihr Fachgesch\u00e4ft f\u00fcr Zweir\u00e4der und Gartentechnik in Schm\u00f6lln und Umgebung\",\"potentialAction\":[{\"@type\":\"SearchAction\",\"target\":{\"@type\":\"EntryPoint\",\"urlTemplate\":\"https:\/\/www.zweiradschulze.com\/?s={search_term_string}\"},\"query-input\":\"required name=search_term_string\"}],\"inLanguage\":\"de\"}]}<\/script>\n<!-- \/ Yoast SEO plugin. -->","yoast_head_json":{"title":"Startseite - Zweiradfachgesch\u00e4ft Schulze","robots":{"index":"index","follow":"follow","max-snippet":"max-snippet:-1","max-image-preview":"max-image-preview:large","max-video-preview":"max-video-preview:-1"},"canonical":"https:\/\/www.zweiradschulze.com\/","og_locale":"de_DE","og_type":"article","og_title":"Startseite - Zweiradfachgesch\u00e4ft Schulze","og_description":"Willkommen auf unserer Homepage, die nicht \u00a0nach dem sonst \u00fcblichen Motto &#8222;mehr Schein als Sein&#8230;&#8220; gestaltet wird, sondern \u00fcber unser Sortiment, unsere Leistungen,\u00a0interessante Angebote und Aktionen informieren soll. Wir freuen uns \u00fcber Ihren Besuch in unserem Gesch\u00e4ft in Schm\u00f6lln, direkt auf dem Markt (Parkpl\u00e4tze vorhanden). So finden Sie uns: \u00a0Google Maps\u00a0 Unsere aktuellen \u00d6ffnungszeiten: &#8211; [&hellip;]","og_url":"https:\/\/www.zweiradschulze.com\/","og_site_name":"Zweiradfachgesch\u00e4ft Schulze","article_modified_time":"2026-01-13T07:38:26+00:00","og_image":[{"url":"https:\/\/www.zweiradschulze.com\/wp-content\/uploads\/2025\/10\/ZEG_524909300745-300x200.png"}],"twitter_misc":{"Gesch\u00e4tzte Lesezeit":"3\u00a0Minuten"},"schema":{"@context":"https:\/\/schema.org","@graph":[{"@type":"WebPage","@id":"https:\/\/www.zweiradschulze.com\/","url":"https:\/\/www.zweiradschulze.com\/","name":"Startseite - Zweiradfachgesch\u00e4ft Schulze","isPartOf":{"@id":"https:\/\/www.zweiradschulze.com\/#website"},"datePublished":"2015-12-05T19:51:10+00:00","dateModified":"2026-01-13T07:38:26+00:00","breadcrumb":{"@id":"https:\/\/www.zweiradschulze.com\/#breadcrumb"},"inLanguage":"de","potentialAction":[{"@type":"ReadAction","target":["https:\/\/www.zweiradschulze.com\/"]}]},{"@type":"BreadcrumbList","@id":"https:\/\/www.zweiradschulze.com\/#breadcrumb","itemListElement":[{"@type":"ListItem","position":1,"name":"Home","item":"https:\/\/www.zweiradschulze.com\/"},{"@type":"ListItem","position":2,"name":"Startseite"}]},{"@type":"WebSite","@id":"https:\/\/www.zweiradschulze.com\/#website","url":"https:\/\/www.zweiradschulze.com\/","name":"Zweiradfachgesch\u00e4ft Schulze","description":"Ihr Fachgesch\u00e4ft f\u00fcr Zweir\u00e4der und Gartentechnik in Schm\u00f6lln und Umgebung","potentialAction":[{"@type":"SearchAction","target":{"@type":"EntryPoint","urlTemplate":"https:\/\/www.zweiradschulze.com\/?s={search_term_string}"},"query-input":"required name=search_term_string"}],"inLanguage":"de"}]}},"_links":{"self":[{"href":"https:\/\/www.zweiradschulze.com\/index.php?rest_route=\/wp\/v2\/pages\/138"}],"collection":[{"href":"https:\/\/www.zweiradschulze.com\/index.php?rest_route=\/wp\/v2\/pages"}],"about":[{"href":"https:\/\/www.zweiradschulze.com\/index.php?rest_route=\/wp\/v2\/types\/page"}],"author":[{"embeddable":true,"href":"https:\/\/www.zweiradschulze.com\/index.php?rest_route=\/wp\/v2\/users\/1"}],"replies":[{"embeddable":true,"href":"https:\/\/www.zweiradschulze.com\/index.php?rest_route=%2Fwp%2Fv2%2Fcomments&post=138"}],"version-history":[{"count":577,"href":"https:\/\/www.zweiradschulze.com\/index.php?rest_route=\/wp\/v2\/pages\/138\/revisions"}],"predecessor-version":[{"id":1971,"href":"https:\/\/www.zweiradschulze.com\/index.php?rest_route=\/wp\/v2\/pages\/138\/revisions\/1971"}],"wp:attachment":[{"href":"https:\/\/www.zweiradschulze.com\/index.php?rest_route=%2Fwp%2Fv2%2Fmedia&parent=138"}],"curies":[{"name":"wp","href":"https:\/\/api.w.org\/{rel}","templated":true}]}}