{"id":328,"date":"2015-12-16T16:08:51","date_gmt":"2015-12-16T15:08:51","guid":{"rendered":"http:\/\/www.zweiradschulze.com\/?page_id=328"},"modified":"2024-03-29T10:04:45","modified_gmt":"2024-03-29T09:04:45","slug":"e-bikepedelec","status":"publish","type":"page","link":"https:\/\/www.zweiradschulze.com\/?page_id=328","title":{"rendered":"E-Bike\/Pedelec"},"content":{"rendered":"<h1><\/h1>\n<h1><span style=\"color: #000000;\"><strong>Wir f\u00fchren Elektror\u00e4der mit den hochwertigen Antriebssystemen <\/strong><\/span><strong><span style=\"color: #0000ff;\"><span style=\"color: #000000;\">Bosch, Brose, Shimano Steps und Panasonic der Marken:\u00a0 <\/span>\u00a0\u00a0<\/span>\u00a0\u00a0\u00a0\u00a0\u00a0\u00a0\u00a0\u00a0\u00a0\u00a0\u00a0\u00a0\u00a0\u00a0\u00a0\u00a0\u00a0\u00a0 <\/strong><\/h1>\n<ul>\n<li><a href=\"https:\/\/www.pegasus-bikes.de\/kategorie\/Fahrraeder.html\" target=\"_blank\" rel=\"noopener noreferrer\">Pegasus<\/a><\/li>\n<li><a href=\"https:\/\/www.ktm-bikes.at\/\">KTM<\/a><\/li>\n<li><a href=\"https:\/\/www.bulls.de\/kategorie\/ebikes.html\" target=\"_blank\" rel=\"noopener noreferrer\">Bulls<\/a><\/li>\n<li><a href=\"https:\/\/www.scott-sports.com\/de\/de\/products\/bike-bikes-ebike\" target=\"_blank\" rel=\"noopener noreferrer\">Scott<\/a><\/li>\n<li><a href=\"https:\/\/www.hercules-bikes.de\/de\/de\/index\">\u00a0Hercules<\/a><\/li>\n<li>( f\u00fcr mehr Info&#8217;s den Markennamen anklicken)<\/li>\n<\/ul>\n<h5>Neu: Berechnen Sie die Reichweite f\u00fcr Ihre E-Bike-Tour mit dem Bosch-Reichweiten-Assistenten &#8211; <a href=\"https:\/\/www.bosch-ebike.com\/range-cockpit\/?language=de&amp;logo\" target=\"_blank\" rel=\"noopener noreferrer\">hier klicken!<\/a><\/h5>\n<h5>F\u00fcr alle Fragen zu Ihrem Akku ( Ladung, Wartung, Lagerung, Transport und Lebensdauer usw.) &#8211; <a href=\"https:\/\/www.bosch-ebike.net\/-\/media\/Images\/Bosch\/MY18\/Broschueren\/Bosch-eBike-MY2018-BatteryGuide-DE.ashx\" target=\"_blank\" rel=\"noopener noreferrer\">Der eBike Akku-Guide<\/a><\/h5>\n<h1 style=\"text-align: center;\"><span style=\"color: #ff0000;\">Gro\u00dfe Auswahl diverser Modelle in jeweils versch. Rahmenformen und -h\u00f6hen (zur Beratung und Probefahrt bitte Termin vereinbaren, 034491 82315)<\/span><\/h1>\n<h1>City:<\/h1>\n<ul>\n<li>ob zum Einkauf in der Stadt oder auf Tour am Wochenende, mit diesen Modellen ist man immer komfortabel und leicht unterwegs, dank solider Antriebe von Bosch oder Panasonic und reichlich Akkukapazit\u00e4t<\/li>\n<\/ul>\n<p>&nbsp;<\/p>\n<h1>Trekking:<\/h1>\n<ul>\n<li>komplette Ausstattung und bequeme Sitzposition f\u00fcr Alltag und Freizeit kombiniert mit kr\u00e4ftigen Motoren ( Bosch oder Brose) und gro\u00dfen Akkus (bis 750 Wh) f\u00fcr entspannte Touren<\/li>\n<\/ul>\n<p>&nbsp;<\/p>\n<h1>Cross:<\/h1>\n<ul>\n<li>sportliche Allrounder mit voller Power von Bosch 85 Nm oder Brose 90 Nm und viel Akkukapazit\u00e4t f\u00fcr lange Touren<\/li>\n<\/ul>\n<p>&nbsp;<\/p>\n<h1>MTB:<\/h1>\n<ul>\n<li>kraftvolle Antriebe von Bosch 85 Nm oder Brose 90 Nm, kombiniert mit Akkus 500, 625 oder 750 Wh<\/li>\n<\/ul>\n<p>&nbsp;<\/p>\n<h1>Compact:<\/h1>\n<ul>\n<li>kompakte und leichte Modelle f\u00fcr einfachen Transport und problemloses Handling mit leisem und kraftvollem Bosch-Antrieb, Akku 400 oder 500 Wh<\/li>\n<\/ul>\n<p>&nbsp;<\/p>\n<p>&nbsp;<\/p>\n<h1><\/h1>\n<p><span class=\"list-copy\">\u00a0<\/span><\/p>\n<p><span class=\"list-copy\">\u00a0<\/span><\/p>\n<p><span class=\"list-copy\">\u00a0\u00a0<\/span><strong>\u00a0<\/strong><\/p>\n<p>&nbsp;<\/p>\n<p>&nbsp;<\/p>\n<p>&nbsp;<\/p>\n<p>&nbsp;<\/p>\n<h3><\/h3>\n<h3><\/h3>\n<h2><span style=\"color: #0000ff;\">\u00a0<\/span><\/h2>\n<p>&nbsp;<\/p>\n<h2><span style=\"color: #0000ff;\">\u00a0<\/span><\/h2>\n<p>&nbsp;<\/p>\n<h2><\/h2>\n","protected":false},"excerpt":{"rendered":"<p>Wir f\u00fchren Elektror\u00e4der mit den hochwertigen Antriebssystemen Bosch, Brose, Shimano Steps und Panasonic der Marken:\u00a0 \u00a0\u00a0\u00a0\u00a0\u00a0\u00a0\u00a0\u00a0\u00a0\u00a0\u00a0\u00a0\u00a0\u00a0\u00a0\u00a0\u00a0\u00a0\u00a0\u00a0 Pegasus KTM Bulls Scott \u00a0Hercules ( f\u00fcr mehr Info&#8217;s den Markennamen anklicken) Neu: Berechnen Sie die Reichweite f\u00fcr Ihre E-Bike-Tour mit dem Bosch-Reichweiten-Assistenten &#8211; hier klicken! F\u00fcr alle Fragen zu Ihrem Akku ( Ladung, Wartung, Lagerung, Transport und Lebensdauer [&hellip;]<\/p>\n","protected":false},"author":2,"featured_media":0,"parent":0,"menu_order":0,"comment_status":"closed","ping_status":"closed","template":"","meta":[],"yoast_head":"<!-- This site is optimized with the Yoast SEO plugin v19.9 - https:\/\/yoast.com\/wordpress\/plugins\/seo\/ -->\n<title>E-Bike\/Pedelec - Zweiradfachgesch\u00e4ft Schulze<\/title>\n<meta name=\"robots\" content=\"index, follow, max-snippet:-1, max-image-preview:large, max-video-preview:-1\" \/>\n<link rel=\"canonical\" href=\"https:\/\/www.zweiradschulze.com\/?page_id=328\" \/>\n<meta property=\"og:locale\" content=\"de_DE\" \/>\n<meta property=\"og:type\" content=\"article\" \/>\n<meta property=\"og:title\" content=\"E-Bike\/Pedelec - Zweiradfachgesch\u00e4ft Schulze\" \/>\n<meta property=\"og:description\" content=\"Wir f\u00fchren Elektror\u00e4der mit den hochwertigen Antriebssystemen Bosch, Brose, Shimano Steps und Panasonic der Marken:\u00a0 \u00a0\u00a0\u00a0\u00a0\u00a0\u00a0\u00a0\u00a0\u00a0\u00a0\u00a0\u00a0\u00a0\u00a0\u00a0\u00a0\u00a0\u00a0\u00a0\u00a0 Pegasus KTM Bulls Scott \u00a0Hercules ( f\u00fcr mehr Info&#8217;s den Markennamen anklicken) Neu: Berechnen Sie die Reichweite f\u00fcr Ihre E-Bike-Tour mit dem Bosch-Reichweiten-Assistenten &#8211; hier klicken! F\u00fcr alle Fragen zu Ihrem Akku ( Ladung, Wartung, Lagerung, Transport und Lebensdauer [&hellip;]\" \/>\n<meta property=\"og:url\" content=\"https:\/\/www.zweiradschulze.com\/?page_id=328\" \/>\n<meta property=\"og:site_name\" content=\"Zweiradfachgesch\u00e4ft Schulze\" \/>\n<meta property=\"article:modified_time\" content=\"2024-03-29T09:04:45+00:00\" \/>\n<meta name=\"twitter:label1\" content=\"Gesch\u00e4tzte Lesezeit\" \/>\n\t<meta name=\"twitter:data1\" content=\"2\u00a0Minuten\" \/>\n<script type=\"application\/ld+json\" class=\"yoast-schema-graph\">{\"@context\":\"https:\/\/schema.org\",\"@graph\":[{\"@type\":\"WebPage\",\"@id\":\"https:\/\/www.zweiradschulze.com\/?page_id=328\",\"url\":\"https:\/\/www.zweiradschulze.com\/?page_id=328\",\"name\":\"E-Bike\/Pedelec - Zweiradfachgesch\u00e4ft Schulze\",\"isPartOf\":{\"@id\":\"https:\/\/www.zweiradschulze.com\/#website\"},\"datePublished\":\"2015-12-16T15:08:51+00:00\",\"dateModified\":\"2024-03-29T09:04:45+00:00\",\"breadcrumb\":{\"@id\":\"https:\/\/www.zweiradschulze.com\/?page_id=328#breadcrumb\"},\"inLanguage\":\"de\",\"potentialAction\":[{\"@type\":\"ReadAction\",\"target\":[\"https:\/\/www.zweiradschulze.com\/?page_id=328\"]}]},{\"@type\":\"BreadcrumbList\",\"@id\":\"https:\/\/www.zweiradschulze.com\/?page_id=328#breadcrumb\",\"itemListElement\":[{\"@type\":\"ListItem\",\"position\":1,\"name\":\"Home\",\"item\":\"https:\/\/www.zweiradschulze.com\/\"},{\"@type\":\"ListItem\",\"position\":2,\"name\":\"E-Bike\/Pedelec\"}]},{\"@type\":\"WebSite\",\"@id\":\"https:\/\/www.zweiradschulze.com\/#website\",\"url\":\"https:\/\/www.zweiradschulze.com\/\",\"name\":\"Zweiradfachgesch\u00e4ft Schulze\",\"description\":\"Ihr Fachgesch\u00e4ft f\u00fcr Zweir\u00e4der und Gartentechnik in Schm\u00f6lln und Umgebung\",\"potentialAction\":[{\"@type\":\"SearchAction\",\"target\":{\"@type\":\"EntryPoint\",\"urlTemplate\":\"https:\/\/www.zweiradschulze.com\/?s={search_term_string}\"},\"query-input\":\"required name=search_term_string\"}],\"inLanguage\":\"de\"}]}<\/script>\n<!-- \/ Yoast SEO plugin. -->","yoast_head_json":{"title":"E-Bike\/Pedelec - Zweiradfachgesch\u00e4ft Schulze","robots":{"index":"index","follow":"follow","max-snippet":"max-snippet:-1","max-image-preview":"max-image-preview:large","max-video-preview":"max-video-preview:-1"},"canonical":"https:\/\/www.zweiradschulze.com\/?page_id=328","og_locale":"de_DE","og_type":"article","og_title":"E-Bike\/Pedelec - Zweiradfachgesch\u00e4ft Schulze","og_description":"Wir f\u00fchren Elektror\u00e4der mit den hochwertigen Antriebssystemen Bosch, Brose, Shimano Steps und Panasonic der Marken:\u00a0 \u00a0\u00a0\u00a0\u00a0\u00a0\u00a0\u00a0\u00a0\u00a0\u00a0\u00a0\u00a0\u00a0\u00a0\u00a0\u00a0\u00a0\u00a0\u00a0\u00a0 Pegasus KTM Bulls Scott \u00a0Hercules ( f\u00fcr mehr Info&#8217;s den Markennamen anklicken) Neu: Berechnen Sie die Reichweite f\u00fcr Ihre E-Bike-Tour mit dem Bosch-Reichweiten-Assistenten &#8211; hier klicken! F\u00fcr alle Fragen zu Ihrem Akku ( Ladung, Wartung, Lagerung, Transport und Lebensdauer [&hellip;]","og_url":"https:\/\/www.zweiradschulze.com\/?page_id=328","og_site_name":"Zweiradfachgesch\u00e4ft Schulze","article_modified_time":"2024-03-29T09:04:45+00:00","twitter_misc":{"Gesch\u00e4tzte Lesezeit":"2\u00a0Minuten"},"schema":{"@context":"https:\/\/schema.org","@graph":[{"@type":"WebPage","@id":"https:\/\/www.zweiradschulze.com\/?page_id=328","url":"https:\/\/www.zweiradschulze.com\/?page_id=328","name":"E-Bike\/Pedelec - Zweiradfachgesch\u00e4ft Schulze","isPartOf":{"@id":"https:\/\/www.zweiradschulze.com\/#website"},"datePublished":"2015-12-16T15:08:51+00:00","dateModified":"2024-03-29T09:04:45+00:00","breadcrumb":{"@id":"https:\/\/www.zweiradschulze.com\/?page_id=328#breadcrumb"},"inLanguage":"de","potentialAction":[{"@type":"ReadAction","target":["https:\/\/www.zweiradschulze.com\/?page_id=328"]}]},{"@type":"BreadcrumbList","@id":"https:\/\/www.zweiradschulze.com\/?page_id=328#breadcrumb","itemListElement":[{"@type":"ListItem","position":1,"name":"Home","item":"https:\/\/www.zweiradschulze.com\/"},{"@type":"ListItem","position":2,"name":"E-Bike\/Pedelec"}]},{"@type":"WebSite","@id":"https:\/\/www.zweiradschulze.com\/#website","url":"https:\/\/www.zweiradschulze.com\/","name":"Zweiradfachgesch\u00e4ft Schulze","description":"Ihr Fachgesch\u00e4ft f\u00fcr Zweir\u00e4der und Gartentechnik in Schm\u00f6lln und Umgebung","potentialAction":[{"@type":"SearchAction","target":{"@type":"EntryPoint","urlTemplate":"https:\/\/www.zweiradschulze.com\/?s={search_term_string}"},"query-input":"required name=search_term_string"}],"inLanguage":"de"}]}},"_links":{"self":[{"href":"https:\/\/www.zweiradschulze.com\/index.php?rest_route=\/wp\/v2\/pages\/328"}],"collection":[{"href":"https:\/\/www.zweiradschulze.com\/index.php?rest_route=\/wp\/v2\/pages"}],"about":[{"href":"https:\/\/www.zweiradschulze.com\/index.php?rest_route=\/wp\/v2\/types\/page"}],"author":[{"embeddable":true,"href":"https:\/\/www.zweiradschulze.com\/index.php?rest_route=\/wp\/v2\/users\/2"}],"replies":[{"embeddable":true,"href":"https:\/\/www.zweiradschulze.com\/index.php?rest_route=%2Fwp%2Fv2%2Fcomments&post=328"}],"version-history":[{"count":189,"href":"https:\/\/www.zweiradschulze.com\/index.php?rest_route=\/wp\/v2\/pages\/328\/revisions"}],"predecessor-version":[{"id":1876,"href":"https:\/\/www.zweiradschulze.com\/index.php?rest_route=\/wp\/v2\/pages\/328\/revisions\/1876"}],"wp:attachment":[{"href":"https:\/\/www.zweiradschulze.com\/index.php?rest_route=%2Fwp%2Fv2%2Fmedia&parent=328"}],"curies":[{"name":"wp","href":"https:\/\/api.w.org\/{rel}","templated":true}]}}