{"id":37,"date":"2013-08-30T13:58:31","date_gmt":"2013-08-30T11:58:31","guid":{"rendered":"http:\/\/zweirad.polstelle.de\/?page_id=37"},"modified":"2023-04-16T14:38:57","modified_gmt":"2023-04-16T12:38:57","slug":"kontakt","status":"publish","type":"page","link":"https:\/\/www.zweiradschulze.com\/?page_id=37","title":{"rendered":"\u00dcber uns"},"content":{"rendered":"<p><span style=\"color: #1c1c1c;\">Das Zweiradfachgesch\u00e4ft Schulze besteht in \u00fcber 100j\u00e4hriger Tradition in Schm\u00f6lln und wird in 4. Generation von Zweiradmechanikermeister Gerd Schulze gef\u00fchrt. <\/span><\/p>\n<div style=\"clear: both;\"><\/div>\n<p><span style=\"color: #1c1c1c;\">Wir bieten eine gro\u00dfe Auswahl an Fahrr\u00e4dern und Gartentechnik. Neben individueller Beratung stehen wir Ihnen auch mit unserer Meisterwerkstatt f\u00fcr Service und Reparaturen zur Verf\u00fcgung.<\/span><\/p>\n<p>Unser gro\u00dfes Sortiment an Elektror\u00e4dern bekannter Antriebsmarken mit entsprechendem Service wird Sie begeistern.<\/p>\n<p><a href=\"http:\/\/www.zweiradschulze.com\/wp-content\/uploads\/2020\/10\/6D_1167_1000pix.jpg\"><img loading=\"lazy\" class=\"size-medium wp-image-1606 alignleft\" src=\"http:\/\/www.zweiradschulze.com\/wp-content\/uploads\/2020\/10\/6D_1167_1000pix-300x200.jpg\" alt=\"\" width=\"300\" height=\"200\" srcset=\"https:\/\/www.zweiradschulze.com\/wp-content\/uploads\/2020\/10\/6D_1167_1000pix-300x200.jpg 300w, https:\/\/www.zweiradschulze.com\/wp-content\/uploads\/2020\/10\/6D_1167_1000pix-768x512.jpg 768w, https:\/\/www.zweiradschulze.com\/wp-content\/uploads\/2020\/10\/6D_1167_1000pix-870x580.jpg 870w, https:\/\/www.zweiradschulze.com\/wp-content\/uploads\/2020\/10\/6D_1167_1000pix-135x90.jpg 135w, https:\/\/www.zweiradschulze.com\/wp-content\/uploads\/2020\/10\/6D_1167_1000pix-202x135.jpg 202w, https:\/\/www.zweiradschulze.com\/wp-content\/uploads\/2020\/10\/6D_1167_1000pix-288x192.jpg 288w, https:\/\/www.zweiradschulze.com\/wp-content\/uploads\/2020\/10\/6D_1167_1000pix-405x270.jpg 405w, https:\/\/www.zweiradschulze.com\/wp-content\/uploads\/2020\/10\/6D_1167_1000pix-540x360.jpg 540w, https:\/\/www.zweiradschulze.com\/wp-content\/uploads\/2020\/10\/6D_1167_1000pix.jpg 1000w\" sizes=\"(max-width: 300px) 100vw, 300px\" \/><\/a><\/p>\n<p><span style=\"color: #008000;\"><span style=\"color: #000000;\">Eine umfangreiche Palette an Zubeh\u00f6r und Ersatzteilen runden das Sortiment im Zweiradbereich ab.<\/span> <\/span><\/p>\n<p><span style=\"color: #1c1c1c;\">Als Mitglied in Deutschlands gr\u00f6\u00dftem Einkaufsverbund (ZEG) bieten wir st\u00e4ndig Sondermodelle zu besonders g\u00fcnstigen Preis-Leistungsverh\u00e4ltnissen an. <\/span><\/p>\n<p>&nbsp;<\/p>\n<p><span style=\"color: #1c1c1c;\">Probefahrten sind w\u00e4hrend der Gesch\u00e4ftszeiten gern m\u00f6glich. <\/span><\/p>\n<p><span style=\"color: #1c1c1c;\">Das Gesch\u00e4ft mit 250 Quadratmetern Ausstellungsfl\u00e4che befindet sich in Schm\u00f6lln in zentraler Lage direkt auf dem Markt. Parkm\u00f6glichkeiten sind vor dem Gesch\u00e4ft vorhanden.<\/span><\/p>\n<p><a href=\"http:\/\/www.zweiradschulze.com\/wp-content\/uploads\/2020\/10\/6D_1259_1000pix.jpg\"><img loading=\"lazy\" class=\"size-medium wp-image-1616 alignleft\" src=\"http:\/\/www.zweiradschulze.com\/wp-content\/uploads\/2020\/10\/6D_1259_1000pix-200x300.jpg\" alt=\"\" width=\"200\" height=\"300\" srcset=\"https:\/\/www.zweiradschulze.com\/wp-content\/uploads\/2020\/10\/6D_1259_1000pix-200x300.jpg 200w, https:\/\/www.zweiradschulze.com\/wp-content\/uploads\/2020\/10\/6D_1259_1000pix-60x90.jpg 60w, https:\/\/www.zweiradschulze.com\/wp-content\/uploads\/2020\/10\/6D_1259_1000pix-90x135.jpg 90w, https:\/\/www.zweiradschulze.com\/wp-content\/uploads\/2020\/10\/6D_1259_1000pix-128x192.jpg 128w, https:\/\/www.zweiradschulze.com\/wp-content\/uploads\/2020\/10\/6D_1259_1000pix-180x270.jpg 180w, https:\/\/www.zweiradschulze.com\/wp-content\/uploads\/2020\/10\/6D_1259_1000pix-240x360.jpg 240w, https:\/\/www.zweiradschulze.com\/wp-content\/uploads\/2020\/10\/6D_1259_1000pix.jpg 667w\" sizes=\"(max-width: 200px) 100vw, 200px\" \/><\/a><\/p>\n<p><span style=\"color: #1c1c1c;\">Im Gartentechnikbereich bieten wir Motors\u00e4gen, Sensen, Rasenm\u00e4her, Sauger, Heckenscheren und Rasentraktoren bekannter Fachhandelsmarken an. <\/span><span style=\"color: #1c1c1c;\">Lieferung und Abholung Ihrer Ger\u00e4te oder Zweir\u00e4der nach Absprache m\u00f6glich.<br \/>\n<\/span><\/p>\n<p><span style=\"text-decoration: underline;\"><a href=\"https:\/\/www.google.com\/maps\/place\/Zweirad+Schulze\/@50.895414,12.3359479,14z\/data=!4m2!3m1!1s0x0:0x8a4cab51e630c28?hl=de-DE\" target=\"_blank\" rel=\"noopener noreferrer\">So finden Sie uns !\u00a0(\u00a0Hier anklicken!)<\/a><\/span><\/p>\n<p><span style=\"color: #1c1c1c;\"><u>E-Mail-Adresse:<br \/>\n<\/u><a href=\"mailto:schulze_zweirad@t-online.de\">schulze_zweirad@t-online.de<\/a><br \/>\n<\/span><\/p>\n<p>&nbsp;<\/p>\n","protected":false},"excerpt":{"rendered":"<p>Das Zweiradfachgesch\u00e4ft Schulze besteht in \u00fcber 100j\u00e4hriger Tradition in Schm\u00f6lln und wird in 4. Generation von Zweiradmechanikermeister Gerd Schulze gef\u00fchrt. Wir bieten eine gro\u00dfe Auswahl an Fahrr\u00e4dern und Gartentechnik. Neben individueller Beratung stehen wir Ihnen auch mit unserer Meisterwerkstatt f\u00fcr Service und Reparaturen zur Verf\u00fcgung. Unser gro\u00dfes Sortiment an Elektror\u00e4dern bekannter Antriebsmarken mit entsprechendem Service [&hellip;]<\/p>\n","protected":false},"author":1,"featured_media":0,"parent":0,"menu_order":4,"comment_status":"closed","ping_status":"closed","template":"","meta":[],"yoast_head":"<!-- This site is optimized with the Yoast SEO plugin v19.9 - https:\/\/yoast.com\/wordpress\/plugins\/seo\/ -->\n<title>\u00dcber uns - Zweiradfachgesch\u00e4ft Schulze<\/title>\n<meta name=\"robots\" content=\"index, follow, max-snippet:-1, max-image-preview:large, max-video-preview:-1\" \/>\n<link rel=\"canonical\" href=\"https:\/\/www.zweiradschulze.com\/?page_id=37\" \/>\n<meta property=\"og:locale\" content=\"de_DE\" \/>\n<meta property=\"og:type\" content=\"article\" \/>\n<meta property=\"og:title\" content=\"\u00dcber uns - Zweiradfachgesch\u00e4ft Schulze\" \/>\n<meta property=\"og:description\" content=\"Das Zweiradfachgesch\u00e4ft Schulze besteht in \u00fcber 100j\u00e4hriger Tradition in Schm\u00f6lln und wird in 4. Generation von Zweiradmechanikermeister Gerd Schulze gef\u00fchrt. Wir bieten eine gro\u00dfe Auswahl an Fahrr\u00e4dern und Gartentechnik. Neben individueller Beratung stehen wir Ihnen auch mit unserer Meisterwerkstatt f\u00fcr Service und Reparaturen zur Verf\u00fcgung. Unser gro\u00dfes Sortiment an Elektror\u00e4dern bekannter Antriebsmarken mit entsprechendem Service [&hellip;]\" \/>\n<meta property=\"og:url\" content=\"https:\/\/www.zweiradschulze.com\/?page_id=37\" \/>\n<meta property=\"og:site_name\" content=\"Zweiradfachgesch\u00e4ft Schulze\" \/>\n<meta property=\"article:modified_time\" content=\"2023-04-16T12:38:57+00:00\" \/>\n<meta property=\"og:image\" content=\"http:\/\/www.zweiradschulze.com\/wp-content\/uploads\/2020\/10\/6D_1167_1000pix-300x200.jpg\" \/>\n<meta name=\"twitter:label1\" content=\"Gesch\u00e4tzte Lesezeit\" \/>\n\t<meta name=\"twitter:data1\" content=\"2\u00a0Minuten\" \/>\n<script type=\"application\/ld+json\" class=\"yoast-schema-graph\">{\"@context\":\"https:\/\/schema.org\",\"@graph\":[{\"@type\":\"WebPage\",\"@id\":\"https:\/\/www.zweiradschulze.com\/?page_id=37\",\"url\":\"https:\/\/www.zweiradschulze.com\/?page_id=37\",\"name\":\"\u00dcber uns - Zweiradfachgesch\u00e4ft Schulze\",\"isPartOf\":{\"@id\":\"https:\/\/www.zweiradschulze.com\/#website\"},\"datePublished\":\"2013-08-30T11:58:31+00:00\",\"dateModified\":\"2023-04-16T12:38:57+00:00\",\"breadcrumb\":{\"@id\":\"https:\/\/www.zweiradschulze.com\/?page_id=37#breadcrumb\"},\"inLanguage\":\"de\",\"potentialAction\":[{\"@type\":\"ReadAction\",\"target\":[\"https:\/\/www.zweiradschulze.com\/?page_id=37\"]}]},{\"@type\":\"BreadcrumbList\",\"@id\":\"https:\/\/www.zweiradschulze.com\/?page_id=37#breadcrumb\",\"itemListElement\":[{\"@type\":\"ListItem\",\"position\":1,\"name\":\"Home\",\"item\":\"https:\/\/www.zweiradschulze.com\/\"},{\"@type\":\"ListItem\",\"position\":2,\"name\":\"\u00dcber uns\"}]},{\"@type\":\"WebSite\",\"@id\":\"https:\/\/www.zweiradschulze.com\/#website\",\"url\":\"https:\/\/www.zweiradschulze.com\/\",\"name\":\"Zweiradfachgesch\u00e4ft Schulze\",\"description\":\"Ihr Fachgesch\u00e4ft f\u00fcr Zweir\u00e4der und Gartentechnik in Schm\u00f6lln und Umgebung\",\"potentialAction\":[{\"@type\":\"SearchAction\",\"target\":{\"@type\":\"EntryPoint\",\"urlTemplate\":\"https:\/\/www.zweiradschulze.com\/?s={search_term_string}\"},\"query-input\":\"required name=search_term_string\"}],\"inLanguage\":\"de\"}]}<\/script>\n<!-- \/ Yoast SEO plugin. -->","yoast_head_json":{"title":"\u00dcber uns - Zweiradfachgesch\u00e4ft Schulze","robots":{"index":"index","follow":"follow","max-snippet":"max-snippet:-1","max-image-preview":"max-image-preview:large","max-video-preview":"max-video-preview:-1"},"canonical":"https:\/\/www.zweiradschulze.com\/?page_id=37","og_locale":"de_DE","og_type":"article","og_title":"\u00dcber uns - Zweiradfachgesch\u00e4ft Schulze","og_description":"Das Zweiradfachgesch\u00e4ft Schulze besteht in \u00fcber 100j\u00e4hriger Tradition in Schm\u00f6lln und wird in 4. Generation von Zweiradmechanikermeister Gerd Schulze gef\u00fchrt. Wir bieten eine gro\u00dfe Auswahl an Fahrr\u00e4dern und Gartentechnik. Neben individueller Beratung stehen wir Ihnen auch mit unserer Meisterwerkstatt f\u00fcr Service und Reparaturen zur Verf\u00fcgung. Unser gro\u00dfes Sortiment an Elektror\u00e4dern bekannter Antriebsmarken mit entsprechendem Service [&hellip;]","og_url":"https:\/\/www.zweiradschulze.com\/?page_id=37","og_site_name":"Zweiradfachgesch\u00e4ft Schulze","article_modified_time":"2023-04-16T12:38:57+00:00","og_image":[{"url":"http:\/\/www.zweiradschulze.com\/wp-content\/uploads\/2020\/10\/6D_1167_1000pix-300x200.jpg"}],"twitter_misc":{"Gesch\u00e4tzte Lesezeit":"2\u00a0Minuten"},"schema":{"@context":"https:\/\/schema.org","@graph":[{"@type":"WebPage","@id":"https:\/\/www.zweiradschulze.com\/?page_id=37","url":"https:\/\/www.zweiradschulze.com\/?page_id=37","name":"\u00dcber uns - Zweiradfachgesch\u00e4ft Schulze","isPartOf":{"@id":"https:\/\/www.zweiradschulze.com\/#website"},"datePublished":"2013-08-30T11:58:31+00:00","dateModified":"2023-04-16T12:38:57+00:00","breadcrumb":{"@id":"https:\/\/www.zweiradschulze.com\/?page_id=37#breadcrumb"},"inLanguage":"de","potentialAction":[{"@type":"ReadAction","target":["https:\/\/www.zweiradschulze.com\/?page_id=37"]}]},{"@type":"BreadcrumbList","@id":"https:\/\/www.zweiradschulze.com\/?page_id=37#breadcrumb","itemListElement":[{"@type":"ListItem","position":1,"name":"Home","item":"https:\/\/www.zweiradschulze.com\/"},{"@type":"ListItem","position":2,"name":"\u00dcber uns"}]},{"@type":"WebSite","@id":"https:\/\/www.zweiradschulze.com\/#website","url":"https:\/\/www.zweiradschulze.com\/","name":"Zweiradfachgesch\u00e4ft Schulze","description":"Ihr Fachgesch\u00e4ft f\u00fcr Zweir\u00e4der und Gartentechnik in Schm\u00f6lln und Umgebung","potentialAction":[{"@type":"SearchAction","target":{"@type":"EntryPoint","urlTemplate":"https:\/\/www.zweiradschulze.com\/?s={search_term_string}"},"query-input":"required name=search_term_string"}],"inLanguage":"de"}]}},"_links":{"self":[{"href":"https:\/\/www.zweiradschulze.com\/index.php?rest_route=\/wp\/v2\/pages\/37"}],"collection":[{"href":"https:\/\/www.zweiradschulze.com\/index.php?rest_route=\/wp\/v2\/pages"}],"about":[{"href":"https:\/\/www.zweiradschulze.com\/index.php?rest_route=\/wp\/v2\/types\/page"}],"author":[{"embeddable":true,"href":"https:\/\/www.zweiradschulze.com\/index.php?rest_route=\/wp\/v2\/users\/1"}],"replies":[{"embeddable":true,"href":"https:\/\/www.zweiradschulze.com\/index.php?rest_route=%2Fwp%2Fv2%2Fcomments&post=37"}],"version-history":[{"count":41,"href":"https:\/\/www.zweiradschulze.com\/index.php?rest_route=\/wp\/v2\/pages\/37\/revisions"}],"predecessor-version":[{"id":1867,"href":"https:\/\/www.zweiradschulze.com\/index.php?rest_route=\/wp\/v2\/pages\/37\/revisions\/1867"}],"wp:attachment":[{"href":"https:\/\/www.zweiradschulze.com\/index.php?rest_route=%2Fwp%2Fv2%2Fmedia&parent=37"}],"curies":[{"name":"wp","href":"https:\/\/api.w.org\/{rel}","templated":true}]}}