{"id":53,"date":"2013-08-31T15:05:04","date_gmt":"2013-08-31T13:05:04","guid":{"rendered":"http:\/\/zweirad.polstelle.de\/?page_id=53"},"modified":"2026-05-07T05:51:03","modified_gmt":"2026-05-07T03:51:03","slug":"rasenmaeher","status":"publish","type":"page","link":"https:\/\/www.zweiradschulze.com\/?page_id=53","title":{"rendered":"Gartentechnik"},"content":{"rendered":"<p><a href=\"http:\/\/www.zweiradschulze.com\/wp-content\/uploads\/2016\/03\/DSC04503.jpg\" rel=\"attachment wp-att-498\">\u00a0<\/a><\/p>\n<p><b>Wir\u00a0f\u00fchren die Marken:<\/b><\/p>\n<ul>\n<li><a href=\"http:\/\/www.husqvarna.com\/de\/startseite\/\" target=\"_blank\" rel=\"noopener noreferrer\">Husqvarna<\/a> \u00a0 ( Rasenroboter, S\u00e4gen, Sensen, Saug-und Blasger\u00e4te, Rasenm\u00e4her und Rasentraktoren)<\/li>\n<li><a href=\"http:\/\/www.sabo-online.de\/sabode\/regional_home.page\" target=\"_blank\" rel=\"noopener noreferrer\">SABO<\/a> (Rasenm\u00e4her und Vertikutierer einschl. Profi-Programm)<strong>\u00a0\u00a0<\/strong><\/li>\n<\/ul>\n<p>&nbsp;<\/p>\n<div><\/div>\n<div><\/div>\n<div><\/div>\n<div><\/div>\n<div><\/div>\n<div><\/div>\n<div><\/div>\n<h3><a href=\"https:\/\/www.zweiradschulze.com\/wp-content\/uploads\/2021\/08\/OIP.jpg\"><img loading=\"lazy\" class=\"alignnone size-medium wp-image-1753\" src=\"https:\/\/www.zweiradschulze.com\/wp-content\/uploads\/2021\/08\/OIP-300x168.jpg\" alt=\"\" width=\"300\" height=\"168\" srcset=\"https:\/\/www.zweiradschulze.com\/wp-content\/uploads\/2021\/08\/OIP-300x168.jpg 300w, https:\/\/www.zweiradschulze.com\/wp-content\/uploads\/2021\/08\/OIP-160x90.jpg 160w, https:\/\/www.zweiradschulze.com\/wp-content\/uploads\/2021\/08\/OIP-241x135.jpg 241w, https:\/\/www.zweiradschulze.com\/wp-content\/uploads\/2021\/08\/OIP-342x192.jpg 342w, https:\/\/www.zweiradschulze.com\/wp-content\/uploads\/2021\/08\/OIP.jpg 474w\" sizes=\"(max-width: 300px) 100vw, 300px\" \/><\/a>\u00a0 Husqvarna Automower &#8211; Beratung vor Ort, Lieferung, Installation, Service !<\/h3>\n<p><a href=\"http:\/\/www.zweiradschulze.com\/wp-content\/uploads\/2016\/03\/DSC04503.jpg\"><img loading=\"lazy\" class=\"alignnone wp-image-1721 size-height270\" src=\"https:\/\/www.zweiradschulze.com\/wp-content\/uploads\/2021\/02\/H385-0004_597510602_jjz6-cc-450x270.png\" alt=\"\" width=\"450\" height=\"270\" srcset=\"https:\/\/www.zweiradschulze.com\/wp-content\/uploads\/2021\/02\/H385-0004_597510602_jjz6-cc-450x270.png 450w, https:\/\/www.zweiradschulze.com\/wp-content\/uploads\/2021\/02\/H385-0004_597510602_jjz6-cc-300x180.png 300w, https:\/\/www.zweiradschulze.com\/wp-content\/uploads\/2021\/02\/H385-0004_597510602_jjz6-cc-768x461.png 768w, https:\/\/www.zweiradschulze.com\/wp-content\/uploads\/2021\/02\/H385-0004_597510602_jjz6-cc-870x522.png 870w, https:\/\/www.zweiradschulze.com\/wp-content\/uploads\/2021\/02\/H385-0004_597510602_jjz6-cc-150x90.png 150w, https:\/\/www.zweiradschulze.com\/wp-content\/uploads\/2021\/02\/H385-0004_597510602_jjz6-cc-225x135.png 225w, https:\/\/www.zweiradschulze.com\/wp-content\/uploads\/2021\/02\/H385-0004_597510602_jjz6-cc-320x192.png 320w, https:\/\/www.zweiradschulze.com\/wp-content\/uploads\/2021\/02\/H385-0004_597510602_jjz6-cc-600x360.png 600w, https:\/\/www.zweiradschulze.com\/wp-content\/uploads\/2021\/02\/H385-0004_597510602_jjz6-cc.png 1000w\" sizes=\"(max-width: 450px) 100vw, 450px\" \/>\u00a0\u00a0\u00a0<\/a><\/p>\n<h3>Wir machen Ihnen gern ein passendes Angebot!<\/h3>\n<h4>\u00a0<a href=\"http:\/\/www.zweiradschulze.com\/wp-content\/uploads\/2017\/09\/H350-0271.jpg\" rel=\"attachment wp-att-1014\"><img loading=\"lazy\" class=\"wp-image-1014 size-height270 alignnone\" src=\"http:\/\/www.zweiradschulze.com\/wp-content\/uploads\/2017\/09\/H350-0271-270x270.jpg\" alt=\"H350-0271\" width=\"270\" height=\"270\" srcset=\"https:\/\/www.zweiradschulze.com\/wp-content\/uploads\/2017\/09\/H350-0271-270x270.jpg 270w, https:\/\/www.zweiradschulze.com\/wp-content\/uploads\/2017\/09\/H350-0271-150x150.jpg 150w, https:\/\/www.zweiradschulze.com\/wp-content\/uploads\/2017\/09\/H350-0271-300x300.jpg 300w, https:\/\/www.zweiradschulze.com\/wp-content\/uploads\/2017\/09\/H350-0271-90x90.jpg 90w, https:\/\/www.zweiradschulze.com\/wp-content\/uploads\/2017\/09\/H350-0271-135x135.jpg 135w, https:\/\/www.zweiradschulze.com\/wp-content\/uploads\/2017\/09\/H350-0271-192x192.jpg 192w, https:\/\/www.zweiradschulze.com\/wp-content\/uploads\/2017\/09\/H350-0271-360x360.jpg 360w, https:\/\/www.zweiradschulze.com\/wp-content\/uploads\/2017\/09\/H350-0271.jpg 720w\" sizes=\"(max-width: 270px) 100vw, 270px\" \/>\u00a0\u00a0\u00a0\u00a0\u00a0\u00a0\u00a0 <\/a><a href=\"https:\/\/www.husqvarna.com\/de\/lernen-und-entdecken\/kaufleitfaden-fur-automower-mahroboter\/\">Kaufleitfaden f\u00fcr Automower\u00ae M\u00e4hroboter | Husqvarna DE<\/a><\/h4>\n<h4>Wir \u00a0verlegen Begrenzungskabel schnell und korrekt unter der Grasnarbe mit Kabelverlegemaschine oder installieren f\u00fcr Sie das kabellose Epos-System!<\/h4>\n<p><a href=\"https:\/\/www.zweiradschulze.com\/wp-content\/uploads\/2019\/03\/PW600MH_1_220a1998bb365fedf6bfe0df0f7f0_1.jpg\"><img loading=\"lazy\" class=\"alignnone size-medium wp-image-1327\" src=\"https:\/\/www.zweiradschulze.com\/wp-content\/uploads\/2019\/03\/PW600MH_1_220a1998bb365fedf6bfe0df0f7f0_1-225x300.jpg\" alt=\"\" width=\"225\" height=\"300\" srcset=\"https:\/\/www.zweiradschulze.com\/wp-content\/uploads\/2019\/03\/PW600MH_1_220a1998bb365fedf6bfe0df0f7f0_1-225x300.jpg 225w, https:\/\/www.zweiradschulze.com\/wp-content\/uploads\/2019\/03\/PW600MH_1_220a1998bb365fedf6bfe0df0f7f0_1-68x90.jpg 68w, https:\/\/www.zweiradschulze.com\/wp-content\/uploads\/2019\/03\/PW600MH_1_220a1998bb365fedf6bfe0df0f7f0_1-101x135.jpg 101w, https:\/\/www.zweiradschulze.com\/wp-content\/uploads\/2019\/03\/PW600MH_1_220a1998bb365fedf6bfe0df0f7f0_1-144x192.jpg 144w, https:\/\/www.zweiradschulze.com\/wp-content\/uploads\/2019\/03\/PW600MH_1_220a1998bb365fedf6bfe0df0f7f0_1-203x270.jpg 203w, https:\/\/www.zweiradschulze.com\/wp-content\/uploads\/2019\/03\/PW600MH_1_220a1998bb365fedf6bfe0df0f7f0_1-270x360.jpg 270w, https:\/\/www.zweiradschulze.com\/wp-content\/uploads\/2019\/03\/PW600MH_1_220a1998bb365fedf6bfe0df0f7f0_1.jpg 600w\" sizes=\"(max-width: 225px) 100vw, 225px\" \/>\u00a0\u00a0\u00a0\u00a0\u00a0\u00a0 <\/a><a href=\"https:\/\/www.zweiradschulze.com\/wp-content\/uploads\/2026\/05\/bj-676191.webp\"><img loading=\"lazy\" class=\"alignnone size-medium wp-image-1978\" src=\"https:\/\/www.zweiradschulze.com\/wp-content\/uploads\/2026\/05\/bj-676191-300x200.webp\" alt=\"\" width=\"300\" height=\"200\" srcset=\"https:\/\/www.zweiradschulze.com\/wp-content\/uploads\/2026\/05\/bj-676191-300x200.webp 300w, https:\/\/www.zweiradschulze.com\/wp-content\/uploads\/2026\/05\/bj-676191-1024x683.webp 1024w, https:\/\/www.zweiradschulze.com\/wp-content\/uploads\/2026\/05\/bj-676191-768x512.webp 768w, https:\/\/www.zweiradschulze.com\/wp-content\/uploads\/2026\/05\/bj-676191-870x580.webp 870w, https:\/\/www.zweiradschulze.com\/wp-content\/uploads\/2026\/05\/bj-676191-135x90.webp 135w, https:\/\/www.zweiradschulze.com\/wp-content\/uploads\/2026\/05\/bj-676191-203x135.webp 203w, https:\/\/www.zweiradschulze.com\/wp-content\/uploads\/2026\/05\/bj-676191-288x192.webp 288w, https:\/\/www.zweiradschulze.com\/wp-content\/uploads\/2026\/05\/bj-676191-405x270.webp 405w, https:\/\/www.zweiradschulze.com\/wp-content\/uploads\/2026\/05\/bj-676191-540x360.webp 540w, https:\/\/www.zweiradschulze.com\/wp-content\/uploads\/2026\/05\/bj-676191.webp 1245w\" sizes=\"(max-width: 300px) 100vw, 300px\" \/><\/a><\/p>\n<p>&nbsp;<\/p>\n<h3><\/h3>\n<h3><a href=\"https:\/\/www.zweiradschulze.com\/wp-content\/uploads\/2021\/08\/R.jpg\"><img loading=\"lazy\" class=\"alignnone size-medium wp-image-1751\" src=\"https:\/\/www.zweiradschulze.com\/wp-content\/uploads\/2021\/08\/R-300x108.jpg\" alt=\"\" width=\"300\" height=\"108\" srcset=\"https:\/\/www.zweiradschulze.com\/wp-content\/uploads\/2021\/08\/R-300x108.jpg 300w, https:\/\/www.zweiradschulze.com\/wp-content\/uploads\/2021\/08\/R-250x90.jpg 250w, https:\/\/www.zweiradschulze.com\/wp-content\/uploads\/2021\/08\/R-375x135.jpg 375w, https:\/\/www.zweiradschulze.com\/wp-content\/uploads\/2021\/08\/R-534x192.jpg 534w, https:\/\/www.zweiradschulze.com\/wp-content\/uploads\/2021\/08\/R.jpg 717w\" sizes=\"(max-width: 300px) 100vw, 300px\" \/><\/a><\/h3>\n<h3>Welcher M\u00e4her passt zu mir und meinem Rasen &#8211;\u00a0<a href=\"https:\/\/sabo-online.com\/\" target=\"_blank\" rel=\"noopener\">https:\/\/sabo-online.com\/<\/a><\/h3>\n<h3><\/h3>\n<h3><\/h3>\n<h3><\/h3>\n<h3><\/h3>\n<h3><\/h3>\n<h3><\/h3>\n<h3><\/h3>\n<h3><\/h3>\n<h3><\/h3>\n<h3><\/h3>\n<h3><\/h3>\n<h3><\/h3>\n<h3><\/h3>\n<h3><\/h3>\n<h3><\/h3>\n<p>&nbsp;<\/p>\n<p>&nbsp;<\/p>\n<p>&nbsp;<\/p>\n<h3><\/h3>\n<p>&nbsp;<\/p>\n<h3><\/h3>\n<p>&nbsp;<\/p>\n<h3><\/h3>\n<div>\n<div><\/div>\n<h3><\/h3>\n<p>&nbsp;<\/p>\n<\/div>\n<div class=\"csc-header csc-header-n1\"><\/div>\n<h3><!-- Text: [end] --> <!-- CONTENT ELEMENT, uid:1888\/text [end] --> <!-- CONTENT ELEMENT, uid:15986\/list [begin] --><\/h3>\n<div id=\"c15986\" class=\"container\">\n<p><!-- Header: [begin] --><\/p>\n<div class=\"csc-header csc-header-n2\"><\/div>\n<\/div>\n<div class=\"csc-header csc-header-n1\"><\/div>\n<p>&nbsp;<\/p>\n<p>&nbsp;<\/p>\n<p>&nbsp;<\/p>\n<p>&nbsp;<\/p>\n<p>&nbsp;<\/p>\n<p>&nbsp;<\/p>\n<p>&nbsp;<\/p>\n<div><\/div>\n<div><\/div>\n<h3><\/h3>\n<h3><span style=\"text-decoration: underline;\"><span style=\"color: #0066cc;\"><span style=\"color: #444444;\">\u00a0<\/span><\/span><\/span><\/h3>\n<h3><\/h3>\n<h3><\/h3>\n<p>&nbsp;<\/p>\n<p>&nbsp;<\/p>\n<p>&nbsp;<\/p>\n<p>&nbsp;<\/p>\n","protected":false},"excerpt":{"rendered":"<p>\u00a0 Wir\u00a0f\u00fchren die Marken: Husqvarna \u00a0 ( Rasenroboter, S\u00e4gen, Sensen, Saug-und Blasger\u00e4te, Rasenm\u00e4her und Rasentraktoren) SABO (Rasenm\u00e4her und Vertikutierer einschl. Profi-Programm)\u00a0\u00a0 &nbsp; \u00a0 Husqvarna Automower &#8211; Beratung vor Ort, Lieferung, Installation, Service ! \u00a0\u00a0\u00a0 Wir machen Ihnen gern ein passendes Angebot! \u00a0\u00a0\u00a0\u00a0\u00a0\u00a0\u00a0\u00a0 Kaufleitfaden f\u00fcr Automower\u00ae M\u00e4hroboter | Husqvarna DE Wir \u00a0verlegen Begrenzungskabel schnell und korrekt [&hellip;]<\/p>\n","protected":false},"author":1,"featured_media":0,"parent":0,"menu_order":0,"comment_status":"closed","ping_status":"closed","template":"","meta":[],"yoast_head":"<!-- This site is optimized with the Yoast SEO plugin v19.9 - https:\/\/yoast.com\/wordpress\/plugins\/seo\/ -->\n<title>Gartentechnik - Zweiradfachgesch\u00e4ft Schulze<\/title>\n<meta name=\"robots\" content=\"index, follow, max-snippet:-1, max-image-preview:large, max-video-preview:-1\" \/>\n<link rel=\"canonical\" href=\"https:\/\/www.zweiradschulze.com\/?page_id=53\" \/>\n<meta property=\"og:locale\" content=\"de_DE\" \/>\n<meta property=\"og:type\" content=\"article\" \/>\n<meta property=\"og:title\" content=\"Gartentechnik - Zweiradfachgesch\u00e4ft Schulze\" \/>\n<meta property=\"og:description\" content=\"\u00a0 Wir\u00a0f\u00fchren die Marken: Husqvarna \u00a0 ( Rasenroboter, S\u00e4gen, Sensen, Saug-und Blasger\u00e4te, Rasenm\u00e4her und Rasentraktoren) SABO (Rasenm\u00e4her und Vertikutierer einschl. Profi-Programm)\u00a0\u00a0 &nbsp; \u00a0 Husqvarna Automower &#8211; Beratung vor Ort, Lieferung, Installation, Service ! \u00a0\u00a0\u00a0 Wir machen Ihnen gern ein passendes Angebot! \u00a0\u00a0\u00a0\u00a0\u00a0\u00a0\u00a0\u00a0 Kaufleitfaden f\u00fcr Automower\u00ae M\u00e4hroboter | Husqvarna DE Wir \u00a0verlegen Begrenzungskabel schnell und korrekt [&hellip;]\" \/>\n<meta property=\"og:url\" content=\"https:\/\/www.zweiradschulze.com\/?page_id=53\" \/>\n<meta property=\"og:site_name\" content=\"Zweiradfachgesch\u00e4ft Schulze\" \/>\n<meta property=\"article:modified_time\" content=\"2026-05-07T03:51:03+00:00\" \/>\n<meta property=\"og:image\" content=\"https:\/\/www.zweiradschulze.com\/wp-content\/uploads\/2021\/08\/OIP-300x168.jpg\" \/>\n<meta name=\"twitter:label1\" content=\"Gesch\u00e4tzte Lesezeit\" \/>\n\t<meta name=\"twitter:data1\" content=\"2\u00a0Minuten\" \/>\n<script type=\"application\/ld+json\" class=\"yoast-schema-graph\">{\"@context\":\"https:\/\/schema.org\",\"@graph\":[{\"@type\":\"WebPage\",\"@id\":\"https:\/\/www.zweiradschulze.com\/?page_id=53\",\"url\":\"https:\/\/www.zweiradschulze.com\/?page_id=53\",\"name\":\"Gartentechnik - Zweiradfachgesch\u00e4ft Schulze\",\"isPartOf\":{\"@id\":\"https:\/\/www.zweiradschulze.com\/#website\"},\"datePublished\":\"2013-08-31T13:05:04+00:00\",\"dateModified\":\"2026-05-07T03:51:03+00:00\",\"breadcrumb\":{\"@id\":\"https:\/\/www.zweiradschulze.com\/?page_id=53#breadcrumb\"},\"inLanguage\":\"de\",\"potentialAction\":[{\"@type\":\"ReadAction\",\"target\":[\"https:\/\/www.zweiradschulze.com\/?page_id=53\"]}]},{\"@type\":\"BreadcrumbList\",\"@id\":\"https:\/\/www.zweiradschulze.com\/?page_id=53#breadcrumb\",\"itemListElement\":[{\"@type\":\"ListItem\",\"position\":1,\"name\":\"Home\",\"item\":\"https:\/\/www.zweiradschulze.com\/\"},{\"@type\":\"ListItem\",\"position\":2,\"name\":\"Gartentechnik\"}]},{\"@type\":\"WebSite\",\"@id\":\"https:\/\/www.zweiradschulze.com\/#website\",\"url\":\"https:\/\/www.zweiradschulze.com\/\",\"name\":\"Zweiradfachgesch\u00e4ft Schulze\",\"description\":\"Ihr Fachgesch\u00e4ft f\u00fcr Zweir\u00e4der und Gartentechnik in Schm\u00f6lln und Umgebung\",\"potentialAction\":[{\"@type\":\"SearchAction\",\"target\":{\"@type\":\"EntryPoint\",\"urlTemplate\":\"https:\/\/www.zweiradschulze.com\/?s={search_term_string}\"},\"query-input\":\"required name=search_term_string\"}],\"inLanguage\":\"de\"}]}<\/script>\n<!-- \/ Yoast SEO plugin. -->","yoast_head_json":{"title":"Gartentechnik - Zweiradfachgesch\u00e4ft Schulze","robots":{"index":"index","follow":"follow","max-snippet":"max-snippet:-1","max-image-preview":"max-image-preview:large","max-video-preview":"max-video-preview:-1"},"canonical":"https:\/\/www.zweiradschulze.com\/?page_id=53","og_locale":"de_DE","og_type":"article","og_title":"Gartentechnik - Zweiradfachgesch\u00e4ft Schulze","og_description":"\u00a0 Wir\u00a0f\u00fchren die Marken: Husqvarna \u00a0 ( Rasenroboter, S\u00e4gen, Sensen, Saug-und Blasger\u00e4te, Rasenm\u00e4her und Rasentraktoren) SABO (Rasenm\u00e4her und Vertikutierer einschl. Profi-Programm)\u00a0\u00a0 &nbsp; \u00a0 Husqvarna Automower &#8211; Beratung vor Ort, Lieferung, Installation, Service ! \u00a0\u00a0\u00a0 Wir machen Ihnen gern ein passendes Angebot! \u00a0\u00a0\u00a0\u00a0\u00a0\u00a0\u00a0\u00a0 Kaufleitfaden f\u00fcr Automower\u00ae M\u00e4hroboter | Husqvarna DE Wir \u00a0verlegen Begrenzungskabel schnell und korrekt [&hellip;]","og_url":"https:\/\/www.zweiradschulze.com\/?page_id=53","og_site_name":"Zweiradfachgesch\u00e4ft Schulze","article_modified_time":"2026-05-07T03:51:03+00:00","og_image":[{"url":"https:\/\/www.zweiradschulze.com\/wp-content\/uploads\/2021\/08\/OIP-300x168.jpg"}],"twitter_misc":{"Gesch\u00e4tzte Lesezeit":"2\u00a0Minuten"},"schema":{"@context":"https:\/\/schema.org","@graph":[{"@type":"WebPage","@id":"https:\/\/www.zweiradschulze.com\/?page_id=53","url":"https:\/\/www.zweiradschulze.com\/?page_id=53","name":"Gartentechnik - Zweiradfachgesch\u00e4ft Schulze","isPartOf":{"@id":"https:\/\/www.zweiradschulze.com\/#website"},"datePublished":"2013-08-31T13:05:04+00:00","dateModified":"2026-05-07T03:51:03+00:00","breadcrumb":{"@id":"https:\/\/www.zweiradschulze.com\/?page_id=53#breadcrumb"},"inLanguage":"de","potentialAction":[{"@type":"ReadAction","target":["https:\/\/www.zweiradschulze.com\/?page_id=53"]}]},{"@type":"BreadcrumbList","@id":"https:\/\/www.zweiradschulze.com\/?page_id=53#breadcrumb","itemListElement":[{"@type":"ListItem","position":1,"name":"Home","item":"https:\/\/www.zweiradschulze.com\/"},{"@type":"ListItem","position":2,"name":"Gartentechnik"}]},{"@type":"WebSite","@id":"https:\/\/www.zweiradschulze.com\/#website","url":"https:\/\/www.zweiradschulze.com\/","name":"Zweiradfachgesch\u00e4ft Schulze","description":"Ihr Fachgesch\u00e4ft f\u00fcr Zweir\u00e4der und Gartentechnik in Schm\u00f6lln und Umgebung","potentialAction":[{"@type":"SearchAction","target":{"@type":"EntryPoint","urlTemplate":"https:\/\/www.zweiradschulze.com\/?s={search_term_string}"},"query-input":"required name=search_term_string"}],"inLanguage":"de"}]}},"_links":{"self":[{"href":"https:\/\/www.zweiradschulze.com\/index.php?rest_route=\/wp\/v2\/pages\/53"}],"collection":[{"href":"https:\/\/www.zweiradschulze.com\/index.php?rest_route=\/wp\/v2\/pages"}],"about":[{"href":"https:\/\/www.zweiradschulze.com\/index.php?rest_route=\/wp\/v2\/types\/page"}],"author":[{"embeddable":true,"href":"https:\/\/www.zweiradschulze.com\/index.php?rest_route=\/wp\/v2\/users\/1"}],"replies":[{"embeddable":true,"href":"https:\/\/www.zweiradschulze.com\/index.php?rest_route=%2Fwp%2Fv2%2Fcomments&post=53"}],"version-history":[{"count":152,"href":"https:\/\/www.zweiradschulze.com\/index.php?rest_route=\/wp\/v2\/pages\/53\/revisions"}],"predecessor-version":[{"id":1979,"href":"https:\/\/www.zweiradschulze.com\/index.php?rest_route=\/wp\/v2\/pages\/53\/revisions\/1979"}],"wp:attachment":[{"href":"https:\/\/www.zweiradschulze.com\/index.php?rest_route=%2Fwp%2Fv2%2Fmedia&parent=53"}],"curies":[{"name":"wp","href":"https:\/\/api.w.org\/{rel}","templated":true}]}}