{"id":800,"date":"2016-10-20T09:24:26","date_gmt":"2016-10-20T07:24:26","guid":{"rendered":"http:\/\/www.zweiradschulze.com\/?page_id=800"},"modified":"2025-03-12T17:19:54","modified_gmt":"2025-03-12T16:19:54","slug":"aktionsangebote","status":"publish","type":"page","link":"https:\/\/www.zweiradschulze.com\/?page_id=800","title":{"rendered":"Angebote"},"content":{"rendered":"<h1><span style=\"color: #ff0000;\"><strong>Unsere Top-Angebote finden Sie jetzt in reichlicher Auswahl auf:<\/strong><\/span><\/h1>\n<h1><a href=\"https:\/\/www.bikeexchange.de\/shop\/schmolln\/thuringen\/zweirad-schulze\/42410\">https:\/\/www.bikeexchange.de\/shop\/schmolln\/thuringen\/zweirad-schulze\/42410<\/a><\/h1>\n<h1><span style=\"color: #ff0000;\">Top Deals !!!<\/span><\/h1>\n<h1><\/h1>\n<p>&nbsp;<\/p>\n<p>&nbsp;<\/p>\n<h1><\/h1>\n<p>&nbsp;<\/p>\n<p>&nbsp;<\/p>\n<p>&nbsp;<\/p>\n<p>&nbsp;<\/p>\n<h1><\/h1>\n<p>&nbsp;<\/p>\n<p>&nbsp;<\/p>\n<p>&nbsp;<\/p>\n<h4><\/h4>\n<h4><\/h4>\n<p>&nbsp;<\/p>\n<p>&nbsp;<\/p>\n<p>&nbsp;<\/p>\n<p>&nbsp;<\/p>\n<p>&nbsp;<\/p>\n","protected":false},"excerpt":{"rendered":"<p>Unsere Top-Angebote finden Sie jetzt in reichlicher Auswahl auf: https:\/\/www.bikeexchange.de\/shop\/schmolln\/thuringen\/zweirad-schulze\/42410 Top Deals !!! &nbsp; &nbsp; &nbsp; &nbsp; &nbsp; &nbsp; &nbsp; &nbsp; &nbsp; &nbsp; &nbsp; &nbsp; &nbsp; &nbsp;<\/p>\n","protected":false},"author":2,"featured_media":0,"parent":0,"menu_order":0,"comment_status":"closed","ping_status":"closed","template":"","meta":[],"yoast_head":"<!-- This site is optimized with the Yoast SEO plugin v19.9 - https:\/\/yoast.com\/wordpress\/plugins\/seo\/ -->\n<title>Angebote - Zweiradfachgesch\u00e4ft Schulze<\/title>\n<meta name=\"robots\" content=\"index, follow, max-snippet:-1, max-image-preview:large, max-video-preview:-1\" \/>\n<link rel=\"canonical\" href=\"https:\/\/www.zweiradschulze.com\/?page_id=800\" \/>\n<meta property=\"og:locale\" content=\"de_DE\" \/>\n<meta property=\"og:type\" content=\"article\" \/>\n<meta property=\"og:title\" content=\"Angebote - Zweiradfachgesch\u00e4ft Schulze\" \/>\n<meta property=\"og:description\" content=\"Unsere Top-Angebote finden Sie jetzt in reichlicher Auswahl auf: https:\/\/www.bikeexchange.de\/shop\/schmolln\/thuringen\/zweirad-schulze\/42410 Top Deals !!! &nbsp; &nbsp; &nbsp; &nbsp; &nbsp; &nbsp; &nbsp; &nbsp; &nbsp; &nbsp; &nbsp; &nbsp; &nbsp; &nbsp;\" \/>\n<meta property=\"og:url\" content=\"https:\/\/www.zweiradschulze.com\/?page_id=800\" \/>\n<meta property=\"og:site_name\" content=\"Zweiradfachgesch\u00e4ft Schulze\" \/>\n<meta property=\"article:modified_time\" content=\"2025-03-12T16:19:54+00:00\" \/>\n<meta name=\"twitter:label1\" content=\"Gesch\u00e4tzte Lesezeit\" \/>\n\t<meta name=\"twitter:data1\" content=\"1\u00a0Minute\" \/>\n<script type=\"application\/ld+json\" class=\"yoast-schema-graph\">{\"@context\":\"https:\/\/schema.org\",\"@graph\":[{\"@type\":\"WebPage\",\"@id\":\"https:\/\/www.zweiradschulze.com\/?page_id=800\",\"url\":\"https:\/\/www.zweiradschulze.com\/?page_id=800\",\"name\":\"Angebote - Zweiradfachgesch\u00e4ft Schulze\",\"isPartOf\":{\"@id\":\"https:\/\/www.zweiradschulze.com\/#website\"},\"datePublished\":\"2016-10-20T07:24:26+00:00\",\"dateModified\":\"2025-03-12T16:19:54+00:00\",\"breadcrumb\":{\"@id\":\"https:\/\/www.zweiradschulze.com\/?page_id=800#breadcrumb\"},\"inLanguage\":\"de\",\"potentialAction\":[{\"@type\":\"ReadAction\",\"target\":[\"https:\/\/www.zweiradschulze.com\/?page_id=800\"]}]},{\"@type\":\"BreadcrumbList\",\"@id\":\"https:\/\/www.zweiradschulze.com\/?page_id=800#breadcrumb\",\"itemListElement\":[{\"@type\":\"ListItem\",\"position\":1,\"name\":\"Home\",\"item\":\"https:\/\/www.zweiradschulze.com\/\"},{\"@type\":\"ListItem\",\"position\":2,\"name\":\"Angebote\"}]},{\"@type\":\"WebSite\",\"@id\":\"https:\/\/www.zweiradschulze.com\/#website\",\"url\":\"https:\/\/www.zweiradschulze.com\/\",\"name\":\"Zweiradfachgesch\u00e4ft Schulze\",\"description\":\"Ihr Fachgesch\u00e4ft f\u00fcr Zweir\u00e4der und Gartentechnik in Schm\u00f6lln und Umgebung\",\"potentialAction\":[{\"@type\":\"SearchAction\",\"target\":{\"@type\":\"EntryPoint\",\"urlTemplate\":\"https:\/\/www.zweiradschulze.com\/?s={search_term_string}\"},\"query-input\":\"required name=search_term_string\"}],\"inLanguage\":\"de\"}]}<\/script>\n<!-- \/ Yoast SEO plugin. -->","yoast_head_json":{"title":"Angebote - Zweiradfachgesch\u00e4ft Schulze","robots":{"index":"index","follow":"follow","max-snippet":"max-snippet:-1","max-image-preview":"max-image-preview:large","max-video-preview":"max-video-preview:-1"},"canonical":"https:\/\/www.zweiradschulze.com\/?page_id=800","og_locale":"de_DE","og_type":"article","og_title":"Angebote - Zweiradfachgesch\u00e4ft Schulze","og_description":"Unsere Top-Angebote finden Sie jetzt in reichlicher Auswahl auf: https:\/\/www.bikeexchange.de\/shop\/schmolln\/thuringen\/zweirad-schulze\/42410 Top Deals !!! &nbsp; &nbsp; &nbsp; &nbsp; &nbsp; &nbsp; &nbsp; &nbsp; &nbsp; &nbsp; &nbsp; &nbsp; &nbsp; &nbsp;","og_url":"https:\/\/www.zweiradschulze.com\/?page_id=800","og_site_name":"Zweiradfachgesch\u00e4ft Schulze","article_modified_time":"2025-03-12T16:19:54+00:00","twitter_misc":{"Gesch\u00e4tzte Lesezeit":"1\u00a0Minute"},"schema":{"@context":"https:\/\/schema.org","@graph":[{"@type":"WebPage","@id":"https:\/\/www.zweiradschulze.com\/?page_id=800","url":"https:\/\/www.zweiradschulze.com\/?page_id=800","name":"Angebote - Zweiradfachgesch\u00e4ft Schulze","isPartOf":{"@id":"https:\/\/www.zweiradschulze.com\/#website"},"datePublished":"2016-10-20T07:24:26+00:00","dateModified":"2025-03-12T16:19:54+00:00","breadcrumb":{"@id":"https:\/\/www.zweiradschulze.com\/?page_id=800#breadcrumb"},"inLanguage":"de","potentialAction":[{"@type":"ReadAction","target":["https:\/\/www.zweiradschulze.com\/?page_id=800"]}]},{"@type":"BreadcrumbList","@id":"https:\/\/www.zweiradschulze.com\/?page_id=800#breadcrumb","itemListElement":[{"@type":"ListItem","position":1,"name":"Home","item":"https:\/\/www.zweiradschulze.com\/"},{"@type":"ListItem","position":2,"name":"Angebote"}]},{"@type":"WebSite","@id":"https:\/\/www.zweiradschulze.com\/#website","url":"https:\/\/www.zweiradschulze.com\/","name":"Zweiradfachgesch\u00e4ft Schulze","description":"Ihr Fachgesch\u00e4ft f\u00fcr Zweir\u00e4der und Gartentechnik in Schm\u00f6lln und Umgebung","potentialAction":[{"@type":"SearchAction","target":{"@type":"EntryPoint","urlTemplate":"https:\/\/www.zweiradschulze.com\/?s={search_term_string}"},"query-input":"required name=search_term_string"}],"inLanguage":"de"}]}},"_links":{"self":[{"href":"https:\/\/www.zweiradschulze.com\/index.php?rest_route=\/wp\/v2\/pages\/800"}],"collection":[{"href":"https:\/\/www.zweiradschulze.com\/index.php?rest_route=\/wp\/v2\/pages"}],"about":[{"href":"https:\/\/www.zweiradschulze.com\/index.php?rest_route=\/wp\/v2\/types\/page"}],"author":[{"embeddable":true,"href":"https:\/\/www.zweiradschulze.com\/index.php?rest_route=\/wp\/v2\/users\/2"}],"replies":[{"embeddable":true,"href":"https:\/\/www.zweiradschulze.com\/index.php?rest_route=%2Fwp%2Fv2%2Fcomments&post=800"}],"version-history":[{"count":91,"href":"https:\/\/www.zweiradschulze.com\/index.php?rest_route=\/wp\/v2\/pages\/800\/revisions"}],"predecessor-version":[{"id":1945,"href":"https:\/\/www.zweiradschulze.com\/index.php?rest_route=\/wp\/v2\/pages\/800\/revisions\/1945"}],"wp:attachment":[{"href":"https:\/\/www.zweiradschulze.com\/index.php?rest_route=%2Fwp%2Fv2%2Fmedia&parent=800"}],"curies":[{"name":"wp","href":"https:\/\/api.w.org\/{rel}","templated":true}]}}